{"id":860,"date":"2022-07-10T07:57:23","date_gmt":"2022-07-10T05:57:23","guid":{"rendered":"https:\/\/cdansnoscordes.net\/?page_id=860"},"modified":"2024-05-05T09:50:41","modified_gmt":"2024-05-05T07:50:41","slug":"les-nox-tambules","status":"publish","type":"page","link":"https:\/\/cdansnoscordes.net\/index.php\/ateliers-musique\/les-nox-tambules\/","title":{"rendered":"Les Nox Tambules"},"content":{"rendered":"\t\t<div data-elementor-type=\"wp-page\" data-elementor-id=\"860\" class=\"elementor elementor-860\">\n\t\t\t\t\t\t<section class=\"elementor-section elementor-top-section elementor-element elementor-element-38946727 elementor-section-full_width elementor-section-height-default elementor-section-height-default\" data-id=\"38946727\" data-element_type=\"section\" data-settings=\"{&quot;background_background&quot;:&quot;slideshow&quot;,&quot;background_slideshow_gallery&quot;:[],&quot;background_slideshow_loop&quot;:&quot;yes&quot;,&quot;background_slideshow_slide_duration&quot;:5000,&quot;background_slideshow_slide_transition&quot;:&quot;fade&quot;,&quot;background_slideshow_transition_duration&quot;:500}\">\n\t\t\t\t\t\t<div class=\"elementor-container elementor-column-gap-extended\">\n\t\t\t\t\t<div class=\"elementor-column elementor-col-50 elementor-top-column elementor-element elementor-element-3147d8c1\" data-id=\"3147d8c1\" data-element_type=\"column\">\n\t\t\t<div class=\"elementor-widget-wrap elementor-element-populated\">\n\t\t\t\t\t\t<div class=\"elementor-element elementor-element-76cddcaf elementor-widget elementor-widget-image\" data-id=\"76cddcaf\" data-element_type=\"widget\" data-settings=\"{&quot;_animation&quot;:&quot;none&quot;}\" data-widget_type=\"image.default\">\n\t\t\t\t<div class=\"elementor-widget-container\">\n\t\t\t<style>\/*! elementor - v3.23.0 - 05-08-2024 *\/\n.elementor-widget-image{text-align:center}.elementor-widget-image a{display:inline-block}.elementor-widget-image a img[src$=\".svg\"]{width:48px}.elementor-widget-image img{vertical-align:middle;display:inline-block}<\/style>\t\t\t\t\t\t\t<figure class=\"wp-caption\">\n\t\t\t\t\t\t\t\t\t\t\t<a href=\"https:\/\/cdansnoscordes.net\/index.php\/ateliers-theatre-2\/\">\n\t\t\t\t\t\t\t<img fetchpriority=\"high\" decoding=\"async\" width=\"750\" height=\"268\" src=\"https:\/\/cdansnoscordes.net\/wp-content\/uploads\/2022\/07\/atlier-floirac-diapo-1024x366-1.jpg\" class=\"elementor-animation-grow attachment-large size-large wp-image-415\" alt=\"\" srcset=\"https:\/\/cdansnoscordes.net\/wp-content\/uploads\/2022\/07\/atlier-floirac-diapo-1024x366-1.jpg 1024w, https:\/\/cdansnoscordes.net\/wp-content\/uploads\/2022\/07\/atlier-floirac-diapo-1024x366-1-300x107.jpg 300w, https:\/\/cdansnoscordes.net\/wp-content\/uploads\/2022\/07\/atlier-floirac-diapo-1024x366-1-768x275.jpg 768w\" sizes=\"(max-width: 750px) 100vw, 750px\" \/>\t\t\t\t\t\t\t\t<\/a>\n\t\t\t\t\t\t\t\t\t\t\t<figcaption class=\"widget-image-caption wp-caption-text\">Ateliers th\u00e9\u00e2tre<\/figcaption>\n\t\t\t\t\t\t\t\t\t\t<\/figure>\n\t\t\t\t\t\t\t<\/div>\n\t\t\t\t<\/div>\n\t\t\t\t\t<\/div>\n\t\t<\/div>\n\t\t\t\t<div class=\"elementor-column elementor-col-50 elementor-top-column elementor-element elementor-element-46b355ab\" data-id=\"46b355ab\" data-element_type=\"column\">\n\t\t\t<div class=\"elementor-widget-wrap elementor-element-populated\">\n\t\t\t\t\t\t<div class=\"elementor-element elementor-element-9096eb7 elementor-widget elementor-widget-image\" data-id=\"9096eb7\" data-element_type=\"widget\" data-settings=\"{&quot;_animation&quot;:&quot;none&quot;}\" data-widget_type=\"image.default\">\n\t\t\t\t<div class=\"elementor-widget-container\">\n\t\t\t\t\t\t\t\t\t\t<figure class=\"wp-caption\">\n\t\t\t\t\t\t\t\t\t\t\t<a href=\"https:\/\/cdansnoscordes.net\/index.php\/ateliers-musique\/\">\n\t\t\t\t\t\t\t<img decoding=\"async\" width=\"750\" height=\"268\" src=\"https:\/\/cdansnoscordes.net\/wp-content\/uploads\/2022\/07\/barre\u0301s-diapo-1024x366-1.jpg\" class=\"elementor-animation-grow attachment-large size-large wp-image-416\" alt=\"\" srcset=\"https:\/\/cdansnoscordes.net\/wp-content\/uploads\/2022\/07\/barre\u0301s-diapo-1024x366-1.jpg 1024w, https:\/\/cdansnoscordes.net\/wp-content\/uploads\/2022\/07\/barre\u0301s-diapo-1024x366-1-300x107.jpg 300w, https:\/\/cdansnoscordes.net\/wp-content\/uploads\/2022\/07\/barre\u0301s-diapo-1024x366-1-768x275.jpg 768w\" sizes=\"(max-width: 750px) 100vw, 750px\" \/>\t\t\t\t\t\t\t\t<\/a>\n\t\t\t\t\t\t\t\t\t\t\t<figcaption class=\"widget-image-caption wp-caption-text\">Ateliers musique<\/figcaption>\n\t\t\t\t\t\t\t\t\t\t<\/figure>\n\t\t\t\t\t\t\t<\/div>\n\t\t\t\t<\/div>\n\t\t\t\t\t<\/div>\n\t\t<\/div>\n\t\t\t\t\t<\/div>\n\t\t<\/section>\n\t\t\t\t<section class=\"elementor-section elementor-top-section elementor-element elementor-element-77a2e308 elementor-section-boxed elementor-section-height-default elementor-section-height-default\" data-id=\"77a2e308\" data-element_type=\"section\">\n\t\t\t\t\t\t<div class=\"elementor-container elementor-column-gap-default\">\n\t\t\t\t\t<div class=\"elementor-column elementor-col-100 elementor-top-column elementor-element elementor-element-119011e9\" data-id=\"119011e9\" data-element_type=\"column\">\n\t\t\t<div class=\"elementor-widget-wrap elementor-element-populated\">\n\t\t\t\t\t\t<div class=\"elementor-element elementor-element-49837d3f elementor-widget elementor-widget-heading\" data-id=\"49837d3f\" data-element_type=\"widget\" data-widget_type=\"heading.default\">\n\t\t\t\t<div class=\"elementor-widget-container\">\n\t\t\t<style>\/*! elementor - v3.23.0 - 05-08-2024 *\/\n.elementor-heading-title{padding:0;margin:0;line-height:1}.elementor-widget-heading .elementor-heading-title[class*=elementor-size-]>a{color:inherit;font-size:inherit;line-height:inherit}.elementor-widget-heading .elementor-heading-title.elementor-size-small{font-size:15px}.elementor-widget-heading .elementor-heading-title.elementor-size-medium{font-size:19px}.elementor-widget-heading .elementor-heading-title.elementor-size-large{font-size:29px}.elementor-widget-heading .elementor-heading-title.elementor-size-xl{font-size:39px}.elementor-widget-heading .elementor-heading-title.elementor-size-xxl{font-size:59px}<\/style><h2 class=\"elementor-heading-title elementor-size-default\"><a href=\"https:\/\/cdansnoscordes.net\/index.php\/ateliers-musique\/les-nox-tambules\/cdansnoxcordes\/\">Les Nox Tambules<\/a><\/h2>\t\t<\/div>\n\t\t\t\t<\/div>\n\t\t\t\t\t<\/div>\n\t\t<\/div>\n\t\t\t\t\t<\/div>\n\t\t<\/section>\n\t\t\t\t<section class=\"elementor-section elementor-top-section elementor-element elementor-element-24994f3 elementor-section-boxed elementor-section-height-default elementor-section-height-default\" data-id=\"24994f3\" data-element_type=\"section\">\n\t\t\t\t\t\t<div class=\"elementor-container elementor-column-gap-default\">\n\t\t\t\t\t<div class=\"elementor-column elementor-col-100 elementor-top-column elementor-element elementor-element-2d2a87a\" data-id=\"2d2a87a\" data-element_type=\"column\">\n\t\t\t<div class=\"elementor-widget-wrap elementor-element-populated\">\n\t\t\t\t\t\t<div class=\"elementor-element elementor-element-4c786a8 elementor-widget elementor-widget-text-editor\" data-id=\"4c786a8\" data-element_type=\"widget\" data-widget_type=\"text-editor.default\">\n\t\t\t\t<div class=\"elementor-widget-container\">\n\t\t\t<style>\/*! elementor - v3.23.0 - 05-08-2024 *\/\n.elementor-widget-text-editor.elementor-drop-cap-view-stacked .elementor-drop-cap{background-color:#69727d;color:#fff}.elementor-widget-text-editor.elementor-drop-cap-view-framed .elementor-drop-cap{color:#69727d;border:3px solid;background-color:transparent}.elementor-widget-text-editor:not(.elementor-drop-cap-view-default) .elementor-drop-cap{margin-top:8px}.elementor-widget-text-editor:not(.elementor-drop-cap-view-default) .elementor-drop-cap-letter{width:1em;height:1em}.elementor-widget-text-editor .elementor-drop-cap{float:left;text-align:center;line-height:1;font-size:50px}.elementor-widget-text-editor .elementor-drop-cap-letter{display:inline-block}<\/style>\t\t\t\t<p><i>Les Nox Tambules<\/i> est un groupe de quatre musiciens n\u00e9 en juillet 2022. <span style=\"font-family: Alef; font-size: 16px; color: var( --e-global-color-text );\">Son r\u00e9pertoire, chant\u00e9, est constitu\u00e9 de reprises arrang\u00e9es pour quatre guitares et assimil\u00e9s (uku, tres, basse, cuatro) principalement acoustiques, auxquelles viennent se rajouter quelques solos, duos et trios.<\/span><\/p><p>\u00c0 l&#8217;heure actuelle trois morceaux sont en place :<\/p><ul><li><em>Sweet Dreams<\/em>, de <strong>Eurythmics<\/strong><\/li><li><em>Logical Song<\/em>, de <strong>Supertramp<\/strong><\/li><li><em>With a little help from my friends<\/em>, des <strong>Beatles<\/strong><\/li><li><em>Chelsea Dagger<\/em>, de <strong>The Fratellis<\/strong><\/li><li><em>Enjoy the silence<\/em> de <strong>Depeche Mode<\/strong><\/li><li><em>Alabama song<\/em>, mix des versions des <strong>Doors<\/strong> et de <strong>Kurt Weil<\/strong><\/li><li>\u00a0<\/li><\/ul><p>De nombreux solos, duos et trios \u00a0viennent compl\u00e9ter ce r\u00e9pertoire en construction :<\/p><ul><li><em>Thank You<\/em>, de <strong>Dido<\/strong><\/li><li><em>Alfonsina y el mar<\/em>, de\u00a0<strong>Mercedes Sosa<\/strong><\/li><li><em>Gangsta&#8217;s Paradise<\/em>, de <strong>Coolio<\/strong><\/li><li><em>Crystalised<\/em>, de <strong>The XX<\/strong><\/li><li><em>J&#8217;cours tout seul<\/em>, de\u00a0<strong>William Sheller<\/strong><\/li><li><em>Come as you are<\/em>, de\u00a0<strong>Nirvana<\/strong><\/li><li><em>If I needed You<\/em>, de\u00a0<strong>Townes Van Zandt<\/strong><\/li><li><em>Heart of glass<\/em>, de\u00a0<strong>Blondie<\/strong><\/li><li><em><strong style=\"font-style: normal;\"><em style=\"font-weight: normal;\">Ma soeur<\/em><span style=\"font-weight: normal;\">, de\u00a0<\/span><strong>Clara Luciani<\/strong><\/strong><\/em><\/li><li>\u00a0<\/li><\/ul><p><a href=\"https:\/\/cdansnoscordes.net\/index.php\/2023\/05\/17\/elementor-1377\/\" target=\"_blank\" rel=\"noopener\">Un premier concert a eu lieu le 14 janvier 2023.<\/a><\/p><p><a href=\"https:\/\/youtu.be\/KVbdwNkIu0o\" target=\"_blank\" rel=\"noopener\">Une premi\u00e8re s\u00e9ance d&#8217;enregistrement<\/a> s&#8217;est tenue les samedi 12 et dimanche 13 mai 2023 \u00e0 Nieul-sur-mer (17)<\/p><p>Depuis les Nox ont donn\u00e9 quatre concerts, un \u00e0 Salleboeuf et trois \u00e0 Bordeaux.<\/p>\t\t\t\t\t\t<\/div>\n\t\t\t\t<\/div>\n\t\t\t\t\t<\/div>\n\t\t<\/div>\n\t\t\t\t\t<\/div>\n\t\t<\/section>\n\t\t\t\t<\/div>\n\t\t","protected":false},"excerpt":{"rendered":"<p>Ateliers th\u00e9\u00e2tre Ateliers musique Les Nox Tambules Les Nox Tambules est un groupe de quatre musiciens n\u00e9 en juillet 2022. Son r\u00e9pertoire, chant\u00e9, est constitu\u00e9 de reprises arrang\u00e9es pour quatre guitares et assimil\u00e9s (uku, tres, basse, cuatro) principalement acoustiques, auxquelles<\/p>\n","protected":false},"author":5,"featured_media":0,"parent":215,"menu_order":0,"comment_status":"closed","ping_status":"closed","template":"","meta":[],"_links":{"self":[{"href":"https:\/\/cdansnoscordes.net\/index.php\/wp-json\/wp\/v2\/pages\/860"}],"collection":[{"href":"https:\/\/cdansnoscordes.net\/index.php\/wp-json\/wp\/v2\/pages"}],"about":[{"href":"https:\/\/cdansnoscordes.net\/index.php\/wp-json\/wp\/v2\/types\/page"}],"author":[{"embeddable":true,"href":"https:\/\/cdansnoscordes.net\/index.php\/wp-json\/wp\/v2\/users\/5"}],"replies":[{"embeddable":true,"href":"https:\/\/cdansnoscordes.net\/index.php\/wp-json\/wp\/v2\/comments?post=860"}],"version-history":[{"count":70,"href":"https:\/\/cdansnoscordes.net\/index.php\/wp-json\/wp\/v2\/pages\/860\/revisions"}],"predecessor-version":[{"id":1680,"href":"https:\/\/cdansnoscordes.net\/index.php\/wp-json\/wp\/v2\/pages\/860\/revisions\/1680"}],"up":[{"embeddable":true,"href":"https:\/\/cdansnoscordes.net\/index.php\/wp-json\/wp\/v2\/pages\/215"}],"wp:attachment":[{"href":"https:\/\/cdansnoscordes.net\/index.php\/wp-json\/wp\/v2\/media?parent=860"}],"curies":[{"name":"wp","href":"https:\/\/api.w.org\/{rel}","templated":true}]}}