{"id":441,"date":"2022-07-08T20:48:32","date_gmt":"2022-07-08T18:48:32","guid":{"rendered":"https:\/\/cdansnoscordes.net\/?page_id=441"},"modified":"2024-04-30T10:08:29","modified_gmt":"2024-04-30T08:08:29","slug":"cefutdansnoscordes","status":"publish","type":"page","link":"https:\/\/cdansnoscordes.net\/index.php\/cdanslagenda\/cefutdansnoscordes\/","title":{"rendered":"Cpass\u00e9"},"content":{"rendered":"\t\t<div data-elementor-type=\"wp-page\" data-elementor-id=\"441\" class=\"elementor elementor-441\">\n\t\t\t\t\t\t<section class=\"elementor-section elementor-top-section elementor-element elementor-element-328efe1d elementor-section-full_width elementor-section-height-default elementor-section-height-default\" data-id=\"328efe1d\" data-element_type=\"section\" data-settings=\"{&quot;background_background&quot;:&quot;slideshow&quot;,&quot;background_slideshow_gallery&quot;:[],&quot;background_slideshow_loop&quot;:&quot;yes&quot;,&quot;background_slideshow_slide_duration&quot;:5000,&quot;background_slideshow_slide_transition&quot;:&quot;fade&quot;,&quot;background_slideshow_transition_duration&quot;:500}\">\n\t\t\t\t\t\t<div class=\"elementor-container elementor-column-gap-extended\">\n\t\t\t\t\t<div class=\"elementor-column elementor-col-50 elementor-top-column elementor-element elementor-element-76fbdfd5\" data-id=\"76fbdfd5\" data-element_type=\"column\">\n\t\t\t<div class=\"elementor-widget-wrap elementor-element-populated\">\n\t\t\t\t\t\t<div class=\"elementor-element elementor-element-6d1dd231 elementor-widget elementor-widget-image\" data-id=\"6d1dd231\" data-element_type=\"widget\" data-settings=\"{&quot;_animation&quot;:&quot;none&quot;}\" data-widget_type=\"image.default\">\n\t\t\t\t<div class=\"elementor-widget-container\">\n\t\t\t<style>\/*! elementor - v3.23.0 - 05-08-2024 *\/\n.elementor-widget-image{text-align:center}.elementor-widget-image a{display:inline-block}.elementor-widget-image a img[src$=\".svg\"]{width:48px}.elementor-widget-image img{vertical-align:middle;display:inline-block}<\/style>\t\t\t\t\t\t\t<figure class=\"wp-caption\">\n\t\t\t\t\t\t\t\t\t\t\t<a href=\"https:\/\/cdansnoscordes.net\/index.php\/ateliers-theatre-2\/\">\n\t\t\t\t\t\t\t<img fetchpriority=\"high\" decoding=\"async\" width=\"750\" height=\"268\" src=\"https:\/\/cdansnoscordes.net\/wp-content\/uploads\/2022\/07\/atlier-floirac-diapo-1024x366-1.jpg\" class=\"elementor-animation-grow attachment-large size-large wp-image-415\" alt=\"\" srcset=\"https:\/\/cdansnoscordes.net\/wp-content\/uploads\/2022\/07\/atlier-floirac-diapo-1024x366-1.jpg 1024w, https:\/\/cdansnoscordes.net\/wp-content\/uploads\/2022\/07\/atlier-floirac-diapo-1024x366-1-300x107.jpg 300w, https:\/\/cdansnoscordes.net\/wp-content\/uploads\/2022\/07\/atlier-floirac-diapo-1024x366-1-768x275.jpg 768w\" sizes=\"(max-width: 750px) 100vw, 750px\" \/>\t\t\t\t\t\t\t\t<\/a>\n\t\t\t\t\t\t\t\t\t\t\t<figcaption class=\"widget-image-caption wp-caption-text\">Ateliers th\u00e9\u00e2tre<\/figcaption>\n\t\t\t\t\t\t\t\t\t\t<\/figure>\n\t\t\t\t\t\t\t<\/div>\n\t\t\t\t<\/div>\n\t\t\t\t\t<\/div>\n\t\t<\/div>\n\t\t\t\t<div class=\"elementor-column elementor-col-50 elementor-top-column elementor-element elementor-element-3995baa4\" data-id=\"3995baa4\" data-element_type=\"column\">\n\t\t\t<div class=\"elementor-widget-wrap elementor-element-populated\">\n\t\t\t\t\t\t<div class=\"elementor-element elementor-element-2fac7c elementor-widget elementor-widget-image\" data-id=\"2fac7c\" data-element_type=\"widget\" data-settings=\"{&quot;_animation&quot;:&quot;none&quot;}\" data-widget_type=\"image.default\">\n\t\t\t\t<div class=\"elementor-widget-container\">\n\t\t\t\t\t\t\t\t\t\t<figure class=\"wp-caption\">\n\t\t\t\t\t\t\t\t\t\t\t<a href=\"https:\/\/cdansnoscordes.net\/index.php\/ateliers-musique\/\">\n\t\t\t\t\t\t\t<img decoding=\"async\" width=\"750\" height=\"268\" src=\"https:\/\/cdansnoscordes.net\/wp-content\/uploads\/2022\/07\/barre\u0301s-diapo-1024x366-1.jpg\" class=\"elementor-animation-grow attachment-large size-large wp-image-416\" alt=\"\" srcset=\"https:\/\/cdansnoscordes.net\/wp-content\/uploads\/2022\/07\/barre\u0301s-diapo-1024x366-1.jpg 1024w, https:\/\/cdansnoscordes.net\/wp-content\/uploads\/2022\/07\/barre\u0301s-diapo-1024x366-1-300x107.jpg 300w, https:\/\/cdansnoscordes.net\/wp-content\/uploads\/2022\/07\/barre\u0301s-diapo-1024x366-1-768x275.jpg 768w\" sizes=\"(max-width: 750px) 100vw, 750px\" \/>\t\t\t\t\t\t\t\t<\/a>\n\t\t\t\t\t\t\t\t\t\t\t<figcaption class=\"widget-image-caption wp-caption-text\">Ateliers musique<\/figcaption>\n\t\t\t\t\t\t\t\t\t\t<\/figure>\n\t\t\t\t\t\t\t<\/div>\n\t\t\t\t<\/div>\n\t\t\t\t\t<\/div>\n\t\t<\/div>\n\t\t\t\t\t<\/div>\n\t\t<\/section>\n\t\t\t\t<section class=\"elementor-section elementor-top-section elementor-element elementor-element-69bc315 elementor-section-boxed elementor-section-height-default elementor-section-height-default\" data-id=\"69bc315\" data-element_type=\"section\">\n\t\t\t\t\t\t<div class=\"elementor-container elementor-column-gap-default\">\n\t\t\t\t\t<div class=\"elementor-column elementor-col-100 elementor-top-column elementor-element elementor-element-18fb042\" data-id=\"18fb042\" data-element_type=\"column\">\n\t\t\t<div class=\"elementor-widget-wrap elementor-element-populated\">\n\t\t\t\t\t\t<div class=\"elementor-element elementor-element-76d7096 elementor-widget elementor-widget-heading\" data-id=\"76d7096\" data-element_type=\"widget\" data-widget_type=\"heading.default\">\n\t\t\t\t<div class=\"elementor-widget-container\">\n\t\t\t<style>\/*! elementor - v3.23.0 - 05-08-2024 *\/\n.elementor-heading-title{padding:0;margin:0;line-height:1}.elementor-widget-heading .elementor-heading-title[class*=elementor-size-]>a{color:inherit;font-size:inherit;line-height:inherit}.elementor-widget-heading .elementor-heading-title.elementor-size-small{font-size:15px}.elementor-widget-heading .elementor-heading-title.elementor-size-medium{font-size:19px}.elementor-widget-heading .elementor-heading-title.elementor-size-large{font-size:29px}.elementor-widget-heading .elementor-heading-title.elementor-size-xl{font-size:39px}.elementor-widget-heading .elementor-heading-title.elementor-size-xxl{font-size:59px}<\/style><h2 class=\"elementor-heading-title elementor-size-default\">Cpass\u00e9<\/h2>\t\t<\/div>\n\t\t\t\t<\/div>\n\t\t\t\t\t<\/div>\n\t\t<\/div>\n\t\t\t\t\t<\/div>\n\t\t<\/section>\n\t\t\t\t<section class=\"elementor-section elementor-top-section elementor-element elementor-element-b167dc9 elementor-section-boxed elementor-section-height-default elementor-section-height-default\" data-id=\"b167dc9\" data-element_type=\"section\">\n\t\t\t\t\t\t<div class=\"elementor-container elementor-column-gap-default\">\n\t\t\t\t\t<div class=\"elementor-column elementor-col-100 elementor-top-column elementor-element elementor-element-77a48ae5\" data-id=\"77a48ae5\" data-element_type=\"column\">\n\t\t\t<div class=\"elementor-widget-wrap elementor-element-populated\">\n\t\t\t\t\t\t<div class=\"elementor-element elementor-element-5cb2d525 elementor-widget elementor-widget-text-editor\" data-id=\"5cb2d525\" data-element_type=\"widget\" data-widget_type=\"text-editor.default\">\n\t\t\t\t<div class=\"elementor-widget-container\">\n\t\t\t<style>\/*! elementor - v3.23.0 - 05-08-2024 *\/\n.elementor-widget-text-editor.elementor-drop-cap-view-stacked .elementor-drop-cap{background-color:#69727d;color:#fff}.elementor-widget-text-editor.elementor-drop-cap-view-framed .elementor-drop-cap{color:#69727d;border:3px solid;background-color:transparent}.elementor-widget-text-editor:not(.elementor-drop-cap-view-default) .elementor-drop-cap{margin-top:8px}.elementor-widget-text-editor:not(.elementor-drop-cap-view-default) .elementor-drop-cap-letter{width:1em;height:1em}.elementor-widget-text-editor .elementor-drop-cap{float:left;text-align:center;line-height:1;font-size:50px}.elementor-widget-text-editor .elementor-drop-cap-letter{display:inline-block}<\/style>\t\t\t\t<p><!-- wp:paragraph --><\/p>\n<p>Jadis..<\/p>\n<p><strong>\u2013 <a href=\"https:\/\/cdansnoscordes.net\/index.php\/ateliers-musique\/les-nox-tambules\/\">Les Nox Tambules<\/a><\/strong><br \/><em>concert du groupe issu des ateliers de pratique musicale du collectif Cdansnoscordes<\/em><br \/><span style=\"text-decoration: underline;\">le samedi 4 mai 2024 \u00e0 17h<\/span>, \u00e0 Bordeaux (33)<\/p>\n<p><strong>\u2013 <a href=\"https:\/\/cdansnoscordes.net\/index.php\/ateliers-musique\/au-fil-des-cordes\/\" target=\"_blank\" rel=\"noopener\">Au fil des cordes + Et apr\u00e8s le concert ?<\/a><\/strong><br \/><em>concert &#8220;chez l&#8217;habitant&#8221; des ateliers de pratique musicale du collectif Cdansnoscordes<\/em><br \/><span style=\"text-decoration: underline;\">le samedi 24 juin 2023 \u00e0 15h et 18h<\/span>, \u00e0 Bordeaux (33)<\/p>\n<p><strong>\u2013 <a href=\"https:\/\/cdansnoscordes.net\/index.php\/ateliers-musique\/les-nox-tambules\/\">Famille(s)<\/a><\/strong><br \/><em>Spectacle des ateliers de cr\u00e9ation th\u00e9\u00e2trale du collectif Cdansnoscordes<\/em><br \/><span style=\"text-decoration: underline;\">le samedi 17 juin 2023, \u00e0 15h<\/span> \u00e0 l&#8217;Auditorium de l&#8217;\u00e9cole de musique de Floirac(33)<\/p>\n<p><strong>\u2013 <a href=\"https:\/\/cdansnoscordes.net\/index.php\/ateliers-musique\/les-nox-tambules\/\">Les Nox Tambules<\/a><\/strong><br \/><em>r\u00e9alisation d&#8217;un enregistrement les\u00a0<\/em><span style=\"text-decoration: underline;\">samedi 13 et dimanche \u00a014 mai 2023 \u00e0 Nieul-sur-Mer (17)<\/span><\/p>\n<p><strong>\u2013 <a href=\"https:\/\/cdansnoscordes.net\/index.php\/ateliers-musique\/au-fil-des-cordes\/\" target=\"_blank\" rel=\"noopener\">Au fil des cordes<\/a><\/strong><br \/><em>concert de l&#8217;atelier de pratique musicale du collectif Cdansnoscordes<\/em><br \/><span style=\"text-decoration: underline;\">le samedi 1er avril 2023 \u00e0 partir de 15h<\/span>, \u00e0 Sadirac (33)<\/p>\n<p><strong>\u2013 <a href=\"https:\/\/cdansnoscordes.net\/index.php\/ateliers-musique\/les-nox-tambules\/\">Les Nox Tambules<\/a><\/strong><br \/><em>concert du groupe issu des ateliers de pratique musicale du collectif Cdansnoscordes<\/em><br \/><span style=\"text-decoration: underline;\">le samedi 14 janvier 2023 \u00e0 partir de 20h<\/span>, au Bistrot Les Gondoles \u00e0 Lormont (33)<\/p>\n<p>&nbsp;<\/p>\n<p><!-- \/wp:paragraph --><\/p>\t\t\t\t\t\t<\/div>\n\t\t\t\t<\/div>\n\t\t\t\t\t<\/div>\n\t\t<\/div>\n\t\t\t\t\t<\/div>\n\t\t<\/section>\n\t\t\t\t<\/div>\n\t\t","protected":false},"excerpt":{"rendered":"<p>Ateliers th\u00e9\u00e2tre Ateliers musique Cpass\u00e9 Jadis.. \u2013 Les Nox Tambulesconcert du groupe issu des ateliers de pratique musicale du collectif Cdansnoscordesle samedi 4 mai 2024 \u00e0 17h, \u00e0 Bordeaux (33) \u2013 Au fil des cordes + Et apr\u00e8s le concert<\/p>\n","protected":false},"author":5,"featured_media":0,"parent":429,"menu_order":0,"comment_status":"closed","ping_status":"closed","template":"","meta":[],"_links":{"self":[{"href":"https:\/\/cdansnoscordes.net\/index.php\/wp-json\/wp\/v2\/pages\/441"}],"collection":[{"href":"https:\/\/cdansnoscordes.net\/index.php\/wp-json\/wp\/v2\/pages"}],"about":[{"href":"https:\/\/cdansnoscordes.net\/index.php\/wp-json\/wp\/v2\/types\/page"}],"author":[{"embeddable":true,"href":"https:\/\/cdansnoscordes.net\/index.php\/wp-json\/wp\/v2\/users\/5"}],"replies":[{"embeddable":true,"href":"https:\/\/cdansnoscordes.net\/index.php\/wp-json\/wp\/v2\/comments?post=441"}],"version-history":[{"count":27,"href":"https:\/\/cdansnoscordes.net\/index.php\/wp-json\/wp\/v2\/pages\/441\/revisions"}],"predecessor-version":[{"id":1647,"href":"https:\/\/cdansnoscordes.net\/index.php\/wp-json\/wp\/v2\/pages\/441\/revisions\/1647"}],"up":[{"embeddable":true,"href":"https:\/\/cdansnoscordes.net\/index.php\/wp-json\/wp\/v2\/pages\/429"}],"wp:attachment":[{"href":"https:\/\/cdansnoscordes.net\/index.php\/wp-json\/wp\/v2\/media?parent=441"}],"curies":[{"name":"wp","href":"https:\/\/api.w.org\/{rel}","templated":true}]}}