{"id":38,"date":"2021-10-03T19:02:32","date_gmt":"2021-10-03T17:02:32","guid":{"rendered":"http:\/\/cdansnoscordes.net\/?page_id=38"},"modified":"2023-05-31T21:58:04","modified_gmt":"2023-05-31T19:58:04","slug":"au-fil-des-cordes","status":"publish","type":"page","link":"https:\/\/cdansnoscordes.net\/index.php\/ateliers-musique\/au-fil-des-cordes\/","title":{"rendered":"Au fil des cordes"},"content":{"rendered":"\t\t<div data-elementor-type=\"wp-page\" data-elementor-id=\"38\" class=\"elementor elementor-38\">\n\t\t\t\t\t\t<section class=\"elementor-section elementor-top-section elementor-element elementor-element-4fb733b3 elementor-section-full_width elementor-section-height-default elementor-section-height-default\" data-id=\"4fb733b3\" data-element_type=\"section\" data-settings=\"{&quot;background_background&quot;:&quot;slideshow&quot;,&quot;background_slideshow_gallery&quot;:[],&quot;background_slideshow_loop&quot;:&quot;yes&quot;,&quot;background_slideshow_slide_duration&quot;:5000,&quot;background_slideshow_slide_transition&quot;:&quot;fade&quot;,&quot;background_slideshow_transition_duration&quot;:500}\">\n\t\t\t\t\t\t<div class=\"elementor-container elementor-column-gap-extended\">\n\t\t\t\t\t<div class=\"elementor-column elementor-col-50 elementor-top-column elementor-element elementor-element-16ee9f09\" data-id=\"16ee9f09\" data-element_type=\"column\">\n\t\t\t<div class=\"elementor-widget-wrap elementor-element-populated\">\n\t\t\t\t\t\t<div class=\"elementor-element elementor-element-b9e560e elementor-widget elementor-widget-image\" data-id=\"b9e560e\" data-element_type=\"widget\" data-settings=\"{&quot;_animation&quot;:&quot;none&quot;}\" data-widget_type=\"image.default\">\n\t\t\t\t<div class=\"elementor-widget-container\">\n\t\t\t<style>\/*! elementor - v3.23.0 - 05-08-2024 *\/\n.elementor-widget-image{text-align:center}.elementor-widget-image a{display:inline-block}.elementor-widget-image a img[src$=\".svg\"]{width:48px}.elementor-widget-image img{vertical-align:middle;display:inline-block}<\/style>\t\t\t\t\t\t\t<figure class=\"wp-caption\">\n\t\t\t\t\t\t\t\t\t\t\t<a href=\"https:\/\/cdansnoscordes.net\/index.php\/ateliers-theatre-2\/\">\n\t\t\t\t\t\t\t<img fetchpriority=\"high\" decoding=\"async\" width=\"750\" height=\"268\" src=\"https:\/\/cdansnoscordes.net\/wp-content\/uploads\/2022\/07\/atlier-floirac-diapo-1024x366-1.jpg\" class=\"elementor-animation-grow attachment-large size-large wp-image-415\" alt=\"\" srcset=\"https:\/\/cdansnoscordes.net\/wp-content\/uploads\/2022\/07\/atlier-floirac-diapo-1024x366-1.jpg 1024w, https:\/\/cdansnoscordes.net\/wp-content\/uploads\/2022\/07\/atlier-floirac-diapo-1024x366-1-300x107.jpg 300w, https:\/\/cdansnoscordes.net\/wp-content\/uploads\/2022\/07\/atlier-floirac-diapo-1024x366-1-768x275.jpg 768w\" sizes=\"(max-width: 750px) 100vw, 750px\" \/>\t\t\t\t\t\t\t\t<\/a>\n\t\t\t\t\t\t\t\t\t\t\t<figcaption class=\"widget-image-caption wp-caption-text\">Ateliers th\u00e9\u00e2tre<\/figcaption>\n\t\t\t\t\t\t\t\t\t\t<\/figure>\n\t\t\t\t\t\t\t<\/div>\n\t\t\t\t<\/div>\n\t\t\t\t\t<\/div>\n\t\t<\/div>\n\t\t\t\t<div class=\"elementor-column elementor-col-50 elementor-top-column elementor-element elementor-element-4dac6267\" data-id=\"4dac6267\" data-element_type=\"column\">\n\t\t\t<div class=\"elementor-widget-wrap elementor-element-populated\">\n\t\t\t\t\t\t<div class=\"elementor-element elementor-element-6e2f324e elementor-widget elementor-widget-image\" data-id=\"6e2f324e\" data-element_type=\"widget\" data-settings=\"{&quot;_animation&quot;:&quot;none&quot;}\" data-widget_type=\"image.default\">\n\t\t\t\t<div class=\"elementor-widget-container\">\n\t\t\t\t\t\t\t\t\t\t<figure class=\"wp-caption\">\n\t\t\t\t\t\t\t\t\t\t\t<a href=\"https:\/\/cdansnoscordes.net\/index.php\/ateliers-musique\/\">\n\t\t\t\t\t\t\t<img decoding=\"async\" width=\"750\" height=\"268\" src=\"https:\/\/cdansnoscordes.net\/wp-content\/uploads\/2022\/07\/barre\u0301s-diapo-1024x366-1.jpg\" class=\"elementor-animation-grow attachment-large size-large wp-image-416\" alt=\"\" srcset=\"https:\/\/cdansnoscordes.net\/wp-content\/uploads\/2022\/07\/barre\u0301s-diapo-1024x366-1.jpg 1024w, https:\/\/cdansnoscordes.net\/wp-content\/uploads\/2022\/07\/barre\u0301s-diapo-1024x366-1-300x107.jpg 300w, https:\/\/cdansnoscordes.net\/wp-content\/uploads\/2022\/07\/barre\u0301s-diapo-1024x366-1-768x275.jpg 768w\" sizes=\"(max-width: 750px) 100vw, 750px\" \/>\t\t\t\t\t\t\t\t<\/a>\n\t\t\t\t\t\t\t\t\t\t\t<figcaption class=\"widget-image-caption wp-caption-text\">Ateliers musique<\/figcaption>\n\t\t\t\t\t\t\t\t\t\t<\/figure>\n\t\t\t\t\t\t\t<\/div>\n\t\t\t\t<\/div>\n\t\t\t\t\t<\/div>\n\t\t<\/div>\n\t\t\t\t\t<\/div>\n\t\t<\/section>\n\t\t\t\t<section class=\"elementor-section elementor-top-section elementor-element elementor-element-85b5ac9 elementor-section-boxed elementor-section-height-default elementor-section-height-default\" data-id=\"85b5ac9\" data-element_type=\"section\">\n\t\t\t\t\t\t<div class=\"elementor-container elementor-column-gap-default\">\n\t\t\t\t\t<div class=\"elementor-column elementor-col-100 elementor-top-column elementor-element elementor-element-b010390\" data-id=\"b010390\" data-element_type=\"column\">\n\t\t\t<div class=\"elementor-widget-wrap elementor-element-populated\">\n\t\t\t\t\t\t<div class=\"elementor-element elementor-element-4ec54dc elementor-widget elementor-widget-heading\" data-id=\"4ec54dc\" data-element_type=\"widget\" data-widget_type=\"heading.default\">\n\t\t\t\t<div class=\"elementor-widget-container\">\n\t\t\t<style>\/*! elementor - v3.23.0 - 05-08-2024 *\/\n.elementor-heading-title{padding:0;margin:0;line-height:1}.elementor-widget-heading .elementor-heading-title[class*=elementor-size-]>a{color:inherit;font-size:inherit;line-height:inherit}.elementor-widget-heading .elementor-heading-title.elementor-size-small{font-size:15px}.elementor-widget-heading .elementor-heading-title.elementor-size-medium{font-size:19px}.elementor-widget-heading .elementor-heading-title.elementor-size-large{font-size:29px}.elementor-widget-heading .elementor-heading-title.elementor-size-xl{font-size:39px}.elementor-widget-heading .elementor-heading-title.elementor-size-xxl{font-size:59px}<\/style><h2 class=\"elementor-heading-title elementor-size-default\">Au fil des cordes<\/h2>\t\t<\/div>\n\t\t\t\t<\/div>\n\t\t\t\t\t<\/div>\n\t\t<\/div>\n\t\t\t\t\t<\/div>\n\t\t<\/section>\n\t\t\t\t<section class=\"elementor-section elementor-top-section elementor-element elementor-element-5b61542 elementor-section-boxed elementor-section-height-default elementor-section-height-default\" data-id=\"5b61542\" data-element_type=\"section\">\n\t\t\t\t\t\t<div class=\"elementor-container elementor-column-gap-default\">\n\t\t\t\t\t<div class=\"elementor-column elementor-col-100 elementor-top-column elementor-element elementor-element-1428bb70\" data-id=\"1428bb70\" data-element_type=\"column\">\n\t\t\t<div class=\"elementor-widget-wrap elementor-element-populated\">\n\t\t\t\t\t\t<div class=\"elementor-element elementor-element-3b2e0e18 elementor-widget elementor-widget-text-editor\" data-id=\"3b2e0e18\" data-element_type=\"widget\" data-widget_type=\"text-editor.default\">\n\t\t\t\t<div class=\"elementor-widget-container\">\n\t\t\t<style>\/*! elementor - v3.23.0 - 05-08-2024 *\/\n.elementor-widget-text-editor.elementor-drop-cap-view-stacked .elementor-drop-cap{background-color:#69727d;color:#fff}.elementor-widget-text-editor.elementor-drop-cap-view-framed .elementor-drop-cap{color:#69727d;border:3px solid;background-color:transparent}.elementor-widget-text-editor:not(.elementor-drop-cap-view-default) .elementor-drop-cap{margin-top:8px}.elementor-widget-text-editor:not(.elementor-drop-cap-view-default) .elementor-drop-cap-letter{width:1em;height:1em}.elementor-widget-text-editor .elementor-drop-cap{float:left;text-align:center;line-height:1;font-size:50px}.elementor-widget-text-editor .elementor-drop-cap-letter{display:inline-block}<\/style>\t\t\t\t<p><!-- wp:paragraph --><\/p>\n<p>Au fil des cordes est un projet d\u2019ateliers de cr\u00e9ation de formes r\u00e9duites (duos, trios ou quatuors) autour de la guitare acoustique et d\u2019instruments de la m\u00eame famille (ukulele, banjo, etc.) d\u00e9marr\u00e9 \u00e0 la rentr\u00e9e 2022\/2023.<\/p>\n<p><!-- \/wp:paragraph --><!-- wp:paragraph --><\/p>\n<p>Les r\u00e9p\u00e9titions ont lieu toute l\u2019ann\u00e9e \u00e0 raison de 2 s\u00e9ances par mois minimum.<\/p>\n<p><!-- \/wp:paragraph --><!-- wp:paragraph --><\/p>\n<p>Le groupe <em><strong>LES NOX (TAMBULES)<\/strong><\/em>, issu des ateliers <i>Au fil des cordes<\/i> a fait un premier <a href=\"https:\/\/cdansnoscordes.net\/index.php\/2023\/05\/17\/elementor-1377\/\" target=\"_blank\" rel=\"noopener\">concert le 14 janvier 2023<\/a>, au restaurant <em>Les Gondoles<\/em> \u00e0 Lormont.<\/p>\n<p>Un autre atelier auquel participaient Laure, David, Marie, Gabrielle et Toto a fait son <a href=\"https:\/\/cdansnoscordes.net\/index.php\/2023\/05\/17\/concert-au-fil-des-cordes-le-1er-avril-2023\/\" target=\"_blank\" rel=\"noopener\">concert le 1er avril<\/a> 2023 \u00e0 Sadirac.<\/p>\n<p><!-- \/wp:paragraph --><!-- wp:list --><\/p>\n<div>Un troisi\u00e8me concert aura lieu le samedi 24 juin \u00e0 Bordeaux (le lieu reste \u00e0 d\u00e9terminer)<\/div>\n<div>\u00a0<\/div>\n<h4>MORCEAUX \u00c9TUDI\u00c9S PAR ATELIERS<\/h4>\n<p><!-- \/wp:list --><!-- wp:list --><\/p>\n<ul>\n<li><a href=\"https:\/\/cdansnoscordes.net\/index.php\/lynojemi\/\" data-type=\"page\" data-id=\"68\">LES MUR\u00c8NES<\/a>\n<ul>\n<li><i>La frontera<\/i>, de<strong> Lhasa<\/strong><\/li>\n<li><em>Fantasy life of poetry and crime<\/em>, de\u00a0<strong>Fr\u00e9d\u00e9ric Lo<\/strong> et <strong>Peter Doherty<\/strong><\/li>\n<li><em>\u00c9teins la lumi\u00e8re<\/em>, de <strong>Axel Bauer<\/strong><\/li>\n<li><em>D\u00e9sir d\u00e9sir<\/em>, de <strong>Laurent Voulzy<\/strong><\/li>\n<\/ul>\n<\/li>\n<\/ul>\n<p><!-- \/wp:list --><!-- wp:list --><\/p>\n<ul>\n<li><a href=\"https:\/\/cdansnoscordes.net\/index.php\/cema\/\" data-type=\"page\" data-id=\"176\">C\u00c9&amp;MA<\/a>\n<ul>\n<li><em>Out of time man<\/em>, de <strong>la\u00a0<\/strong><b>Mano Negra<\/b><\/li>\n<li><em>Big bad handsome man<\/em>, de <strong>Imelda may<\/strong><\/li>\n<li><i>Sway<\/i>, de <strong>Pink Marini<\/strong><\/li>\n<li><i>Perhaps, perhaps, perhaps,<\/i> de <strong>Doris Day<\/strong><\/li>\n<li><em>Theese boots are make for walking<\/em>, de<strong> Nancy Sinatra<\/strong><\/li>\n<li>\u00a0<\/li>\n<\/ul>\n<\/li>\n<li>\u00a0<a href=\"https:\/\/cdansnoscordes.net\/index.php\/les-nox-tambules\/\">LES NOX TAMBULES<\/a>\n<ul>\n<li><em>Sweet dreams<\/em>, de <strong>Eurythmics<\/strong><\/li>\n<li><em>Logical Song<\/em>, de <strong>Supertramp<\/strong><\/li>\n<li><em>With a little help from my friends<\/em>, de <strong>The Beatles<\/strong><\/li>\n<li><em>Chelsea Dagger<\/em>, de <strong>The Fratellis<\/strong><\/li>\n<li><em>Enjoy the silence<\/em>, de <strong>Depeche Mode<\/strong><\/li>\n<\/ul>\n<\/li>\n<\/ul>\n<p><!-- \/wp:list --><!-- wp:list --><\/p>\n<ul>\n<li><a href=\"https:\/\/cdansnoscordes.net\/index.php\/fishchips\/\" target=\"_blank\" rel=\"noopener\">FISH &amp; CHIPS<\/a>\n<ul>\n<li><em>Colors<\/em>, de <strong>Black Pumas<\/strong><\/li>\n<li><em>\u00d4 Linnd\u00e9<\/em>, de <strong>Trans Kabar<\/strong><\/li>\n<li><em>Apaga la tele<\/em>, de <strong>Bloque Depresivo<\/strong><\/li>\n<li>\u00a0<\/li>\n<\/ul>\n<\/li>\n<li><a href=\"https:\/\/cdansnoscordes.net\/index.php\/ateliers-musique\/au-fil-des-cordes\/big-young-and-yellow\/\" target=\"_blank\" rel=\"noopener\">BIG, YOUNG AND YELLOW<\/a>\n<ul>\n<li><em>Kiss me<\/em>, de <strong>Six Pence None The Richer<\/strong><\/li>\n<li><em>Big Yellow Taxi,<\/em> de <strong>Joni Mitchell<\/strong><\/li>\n<li><em>Forever Young<\/em>, de <strong>Alphaville<\/strong><\/li>\n<li>\u00a0<\/li>\n<\/ul>\n<\/li>\n<li>\n<h5>MORCEAUX ISOL\u00c9S<\/h5>\n<ul>\n<li>EN SOLO\u00a0\n<ul>\n<li><em><em>The Greatest<\/em><span style=\"font-style: normal;\">, de\u00a0<\/span><strong style=\"font-style: normal;\">Cat Power<\/strong><\/em><\/li>\n<\/ul>\n<\/li>\n<li>EN DUO\n<ul>\n<li><em>Thank You<\/em>, de\u00a0<strong>Dido<\/strong><\/li>\n<li><em>Sur un volcan<\/em>, de <strong>la Maison Tellier<\/strong><\/li>\n<li><em>Alfonsina y el mar<\/em>, de\u00a0<strong>Mercedes Sosa<\/strong><\/li>\n<li><em>Pajarito colibr\u00ed<\/em>, de <strong>Natalia Lafourcade<\/strong><\/li>\n<li><em>Gangsters Paradise<\/em>, de <strong>Coolio<\/strong><\/li>\n<li><em>Crystalised<\/em>, de <strong>The XX<\/strong><\/li>\n<li><em>J&#8217;cours tout seul<\/em>, de\u00a0<strong>William Sheller<\/strong><\/li>\n<li><em>Come as you are<\/em>, de\u00a0<strong>Nirvana<\/strong><\/li>\n<li><em>If I needed You<\/em>, de\u00a0<strong>Townes Van Zandt<\/strong><\/li>\n<li><em>Heart of glass<\/em>, de\u00a0<strong>Blondie<\/strong><\/li>\n<li><em>Hertbeat<\/em>, de\u00a0<strong>Jos\u00e9 Gonzalez<\/strong><\/li>\n<li><em>Rockin&#8217; Robin<\/em>, de\u00a0<strong>Bobby Day<\/strong><\/li>\n<li><em>Come and get your love<\/em>, de\u00a0<strong>Redbone<\/strong><\/li>\n<li><em>Somewhere only we know<\/em>, de\u00a0<strong>Keane<\/strong><\/li>\n<\/ul>\n<\/li>\n<li>EN TRIO\n<ul>\n<li><em><em><em><strong style=\"font-style: normal;\"><em style=\"font-weight: normal;\">Ma soeur<\/em><span style=\"font-weight: normal;\">, de\u00a0<\/span><strong>Clara Luciani<\/strong><\/strong><\/em><\/em><\/em><\/li>\n<li><em><em>Night Call<\/em><span style=\"font-style: normal;\">, de\u00a0<\/span><strong style=\"font-style: normal;\">Kavinsky<\/strong><\/em><\/li>\n<li><em>Golden Brown<\/em>, de\u00a0<strong>The Stranglers<\/strong><\/li>\n<li><em>Dead Flowers<\/em>, des\u00a0<strong>Rolling Stones<\/strong><\/li>\n<\/ul>\n<\/li>\n<li>EN QUATUOR\n<ul>\n<li><em>Your Song<\/em>, de\u00a0<strong>Elton John<\/strong><\/li>\n<\/ul>\n<\/li>\n<\/ul>\n<\/li>\n<\/ul>\n<p><!-- \/wp:list --><!-- wp:paragraph --><\/p>\n<p><!-- \/wp:paragraph --><\/p>\t\t\t\t\t\t<\/div>\n\t\t\t\t<\/div>\n\t\t\t\t\t<\/div>\n\t\t<\/div>\n\t\t\t\t\t<\/div>\n\t\t<\/section>\n\t\t\t\t<\/div>\n\t\t","protected":false},"excerpt":{"rendered":"<p>Ateliers th\u00e9\u00e2tre Ateliers musique Au fil des cordes Au fil des cordes est un projet d\u2019ateliers de cr\u00e9ation de formes r\u00e9duites (duos, trios ou quatuors) autour de la guitare acoustique et d\u2019instruments de la m\u00eame famille (ukulele, banjo, etc.) d\u00e9marr\u00e9<\/p>\n","protected":false},"author":5,"featured_media":0,"parent":215,"menu_order":0,"comment_status":"closed","ping_status":"closed","template":"","meta":[],"_links":{"self":[{"href":"https:\/\/cdansnoscordes.net\/index.php\/wp-json\/wp\/v2\/pages\/38"}],"collection":[{"href":"https:\/\/cdansnoscordes.net\/index.php\/wp-json\/wp\/v2\/pages"}],"about":[{"href":"https:\/\/cdansnoscordes.net\/index.php\/wp-json\/wp\/v2\/types\/page"}],"author":[{"embeddable":true,"href":"https:\/\/cdansnoscordes.net\/index.php\/wp-json\/wp\/v2\/users\/5"}],"replies":[{"embeddable":true,"href":"https:\/\/cdansnoscordes.net\/index.php\/wp-json\/wp\/v2\/comments?post=38"}],"version-history":[{"count":147,"href":"https:\/\/cdansnoscordes.net\/index.php\/wp-json\/wp\/v2\/pages\/38\/revisions"}],"predecessor-version":[{"id":1516,"href":"https:\/\/cdansnoscordes.net\/index.php\/wp-json\/wp\/v2\/pages\/38\/revisions\/1516"}],"up":[{"embeddable":true,"href":"https:\/\/cdansnoscordes.net\/index.php\/wp-json\/wp\/v2\/pages\/215"}],"wp:attachment":[{"href":"https:\/\/cdansnoscordes.net\/index.php\/wp-json\/wp\/v2\/media?parent=38"}],"curies":[{"name":"wp","href":"https:\/\/api.w.org\/{rel}","templated":true}]}}