{"id":36,"date":"2021-10-03T19:01:58","date_gmt":"2021-10-03T17:01:58","guid":{"rendered":"http:\/\/cdansnoscordes.net\/?page_id=36"},"modified":"2023-08-18T16:22:46","modified_gmt":"2023-08-18T14:22:46","slug":"les-ateliers-voyageurs","status":"publish","type":"page","link":"https:\/\/cdansnoscordes.net\/index.php\/ateliers-musique\/les-ateliers-voyageurs\/","title":{"rendered":"Trotte&#8217;n Frettes"},"content":{"rendered":"\t\t<div data-elementor-type=\"wp-page\" data-elementor-id=\"36\" class=\"elementor elementor-36\">\n\t\t\t\t\t\t<section class=\"elementor-section elementor-top-section elementor-element elementor-element-7a7de705 elementor-section-full_width elementor-section-height-default elementor-section-height-default\" data-id=\"7a7de705\" data-element_type=\"section\" data-settings=\"{&quot;background_background&quot;:&quot;slideshow&quot;,&quot;background_slideshow_gallery&quot;:[],&quot;background_slideshow_loop&quot;:&quot;yes&quot;,&quot;background_slideshow_slide_duration&quot;:5000,&quot;background_slideshow_slide_transition&quot;:&quot;fade&quot;,&quot;background_slideshow_transition_duration&quot;:500}\">\n\t\t\t\t\t\t<div class=\"elementor-container elementor-column-gap-extended\">\n\t\t\t\t\t<div class=\"elementor-column elementor-col-50 elementor-top-column elementor-element elementor-element-2e7cce0e\" data-id=\"2e7cce0e\" data-element_type=\"column\">\n\t\t\t<div class=\"elementor-widget-wrap elementor-element-populated\">\n\t\t\t\t\t\t<div class=\"elementor-element elementor-element-60903a2d elementor-widget elementor-widget-image\" data-id=\"60903a2d\" data-element_type=\"widget\" data-settings=\"{&quot;_animation&quot;:&quot;none&quot;}\" data-widget_type=\"image.default\">\n\t\t\t\t<div class=\"elementor-widget-container\">\n\t\t\t<style>\/*! elementor - v3.23.0 - 05-08-2024 *\/\n.elementor-widget-image{text-align:center}.elementor-widget-image a{display:inline-block}.elementor-widget-image a img[src$=\".svg\"]{width:48px}.elementor-widget-image img{vertical-align:middle;display:inline-block}<\/style>\t\t\t\t\t\t\t<figure class=\"wp-caption\">\n\t\t\t\t\t\t\t\t\t\t\t<a href=\"https:\/\/cdansnoscordes.net\/index.php\/ateliers-theatre-2\/\">\n\t\t\t\t\t\t\t<img fetchpriority=\"high\" decoding=\"async\" width=\"750\" height=\"268\" src=\"https:\/\/cdansnoscordes.net\/wp-content\/uploads\/2022\/07\/atlier-floirac-diapo-1024x366-1.jpg\" class=\"elementor-animation-grow attachment-large size-large wp-image-415\" alt=\"\" srcset=\"https:\/\/cdansnoscordes.net\/wp-content\/uploads\/2022\/07\/atlier-floirac-diapo-1024x366-1.jpg 1024w, https:\/\/cdansnoscordes.net\/wp-content\/uploads\/2022\/07\/atlier-floirac-diapo-1024x366-1-300x107.jpg 300w, https:\/\/cdansnoscordes.net\/wp-content\/uploads\/2022\/07\/atlier-floirac-diapo-1024x366-1-768x275.jpg 768w\" sizes=\"(max-width: 750px) 100vw, 750px\" \/>\t\t\t\t\t\t\t\t<\/a>\n\t\t\t\t\t\t\t\t\t\t\t<figcaption class=\"widget-image-caption wp-caption-text\">Ateliers th\u00e9\u00e2tre<\/figcaption>\n\t\t\t\t\t\t\t\t\t\t<\/figure>\n\t\t\t\t\t\t\t<\/div>\n\t\t\t\t<\/div>\n\t\t\t\t\t<\/div>\n\t\t<\/div>\n\t\t\t\t<div class=\"elementor-column elementor-col-50 elementor-top-column elementor-element elementor-element-27f8336a\" data-id=\"27f8336a\" data-element_type=\"column\">\n\t\t\t<div class=\"elementor-widget-wrap elementor-element-populated\">\n\t\t\t\t\t\t<div class=\"elementor-element elementor-element-3f28a84f elementor-widget elementor-widget-image\" data-id=\"3f28a84f\" data-element_type=\"widget\" data-settings=\"{&quot;_animation&quot;:&quot;none&quot;}\" data-widget_type=\"image.default\">\n\t\t\t\t<div class=\"elementor-widget-container\">\n\t\t\t\t\t\t\t\t\t\t<figure class=\"wp-caption\">\n\t\t\t\t\t\t\t\t\t\t\t<a href=\"https:\/\/cdansnoscordes.net\/index.php\/ateliers-musique\/\">\n\t\t\t\t\t\t\t<img decoding=\"async\" width=\"750\" height=\"268\" src=\"https:\/\/cdansnoscordes.net\/wp-content\/uploads\/2022\/07\/barre\u0301s-diapo-1024x366-1.jpg\" class=\"elementor-animation-grow attachment-large size-large wp-image-416\" alt=\"\" srcset=\"https:\/\/cdansnoscordes.net\/wp-content\/uploads\/2022\/07\/barre\u0301s-diapo-1024x366-1.jpg 1024w, https:\/\/cdansnoscordes.net\/wp-content\/uploads\/2022\/07\/barre\u0301s-diapo-1024x366-1-300x107.jpg 300w, https:\/\/cdansnoscordes.net\/wp-content\/uploads\/2022\/07\/barre\u0301s-diapo-1024x366-1-768x275.jpg 768w\" sizes=\"(max-width: 750px) 100vw, 750px\" \/>\t\t\t\t\t\t\t\t<\/a>\n\t\t\t\t\t\t\t\t\t\t\t<figcaption class=\"widget-image-caption wp-caption-text\">Ateliers musique<\/figcaption>\n\t\t\t\t\t\t\t\t\t\t<\/figure>\n\t\t\t\t\t\t\t<\/div>\n\t\t\t\t<\/div>\n\t\t\t\t\t<\/div>\n\t\t<\/div>\n\t\t\t\t\t<\/div>\n\t\t<\/section>\n\t\t\t\t<section class=\"elementor-section elementor-top-section elementor-element elementor-element-d878c79 elementor-section-boxed elementor-section-height-default elementor-section-height-default\" data-id=\"d878c79\" data-element_type=\"section\">\n\t\t\t\t\t\t<div class=\"elementor-container elementor-column-gap-default\">\n\t\t\t\t\t<div class=\"elementor-column elementor-col-100 elementor-top-column elementor-element elementor-element-1603b5f\" data-id=\"1603b5f\" data-element_type=\"column\">\n\t\t\t<div class=\"elementor-widget-wrap elementor-element-populated\">\n\t\t\t\t\t\t<div class=\"elementor-element elementor-element-68ce645 elementor-widget elementor-widget-heading\" data-id=\"68ce645\" data-element_type=\"widget\" data-widget_type=\"heading.default\">\n\t\t\t\t<div class=\"elementor-widget-container\">\n\t\t\t<style>\/*! elementor - v3.23.0 - 05-08-2024 *\/\n.elementor-heading-title{padding:0;margin:0;line-height:1}.elementor-widget-heading .elementor-heading-title[class*=elementor-size-]>a{color:inherit;font-size:inherit;line-height:inherit}.elementor-widget-heading .elementor-heading-title.elementor-size-small{font-size:15px}.elementor-widget-heading .elementor-heading-title.elementor-size-medium{font-size:19px}.elementor-widget-heading .elementor-heading-title.elementor-size-large{font-size:29px}.elementor-widget-heading .elementor-heading-title.elementor-size-xl{font-size:39px}.elementor-widget-heading .elementor-heading-title.elementor-size-xxl{font-size:59px}<\/style><h2 class=\"elementor-heading-title elementor-size-default\"><a href=\"https:\/\/cdansnoscordes.net\/index.php\/stage-torsac-22-au-28-juillet-2022\/\" target=\"_blank\">Trotte'n Frettes<\/a><\/h2>\t\t<\/div>\n\t\t\t\t<\/div>\n\t\t\t\t\t<\/div>\n\t\t<\/div>\n\t\t\t\t\t<\/div>\n\t\t<\/section>\n\t\t\t\t<section class=\"elementor-section elementor-top-section elementor-element elementor-element-7eba72ba elementor-section-boxed elementor-section-height-default elementor-section-height-default\" data-id=\"7eba72ba\" data-element_type=\"section\">\n\t\t\t\t\t\t<div class=\"elementor-container elementor-column-gap-default\">\n\t\t\t\t\t<div class=\"elementor-column elementor-col-100 elementor-top-column elementor-element elementor-element-5d906f1a\" data-id=\"5d906f1a\" data-element_type=\"column\">\n\t\t\t<div class=\"elementor-widget-wrap elementor-element-populated\">\n\t\t\t\t\t\t<div class=\"elementor-element elementor-element-62f542fa elementor-widget elementor-widget-text-editor\" data-id=\"62f542fa\" data-element_type=\"widget\" data-widget_type=\"text-editor.default\">\n\t\t\t\t<div class=\"elementor-widget-container\">\n\t\t\t<style>\/*! elementor - v3.23.0 - 05-08-2024 *\/\n.elementor-widget-text-editor.elementor-drop-cap-view-stacked .elementor-drop-cap{background-color:#69727d;color:#fff}.elementor-widget-text-editor.elementor-drop-cap-view-framed .elementor-drop-cap{color:#69727d;border:3px solid;background-color:transparent}.elementor-widget-text-editor:not(.elementor-drop-cap-view-default) .elementor-drop-cap{margin-top:8px}.elementor-widget-text-editor:not(.elementor-drop-cap-view-default) .elementor-drop-cap-letter{width:1em;height:1em}.elementor-widget-text-editor .elementor-drop-cap{float:left;text-align:center;line-height:1;font-size:50px}.elementor-widget-text-editor .elementor-drop-cap-letter{display:inline-block}<\/style>\t\t\t\t<p><!-- wp:paragraph --><\/p>\n<p><em>Les ateliers Trotte&#8217;n Frettes sont une succession de modules de 3h d\u00e9bouchant sur une production, qui prend la forme d\u2019un mini-concert ou d\u2019un enregistrement de fin de session.<\/em><\/p>\n<p><!-- \/wp:paragraph --><\/p>\n<p><!-- wp:heading --><\/p>\n<h2><em>LE PROGRAMME<\/em><\/h2>\n<p><!-- \/wp:heading --><\/p>\n<p><!-- wp:paragraph --><\/p>\n<p><em>Chaque jour sont propos\u00e9s diff\u00e9rents ateliers de une \u00e0 trois heures de dur\u00e9e : ateliers rythme, harmonie, travail de l\u2019oreille, \u00e9tude d\u2019un morceau, r\u00e9p\u00e9tition en groupe\u2026<br \/>A chaque fois, le morceau propos\u00e9 \u00e0 l\u2019\u00e9tude est pr\u00e9texte \u00e0 de multiples et collectives d\u00e9couvertes, digressions, prises de t\u00eate, de doigts, de risques harmoniques et rythmiques.<br \/>Avec pour pr\u00e9-requis indispensable la volont\u00e9 de partager avec les autres (pas uniquement sur la musique), quels que soient les niveaux, les go\u00fbts musicaux et les personnalit\u00e9s.<\/em><\/p>\n<p><!-- \/wp:paragraph --><\/p>\n<p><!-- wp:paragraph --><\/p>\n<p><em>Le choix des morceaux essaie d\u2019\u00eatre le plus \u00e9clectique possible, \u00e0 l\u2019\u00e9coute de toute proposition.<\/em><\/p>\n<p><!-- \/wp:paragraph --><\/p>\n<p><!-- wp:heading --><\/p>\n<h2><em>LES TARIFS \u00ab\u00a0SOLIDAIRES\u00a0\u00bb<\/em><\/h2>\n<p><!-- \/wp:heading --><\/p>\n<p><!-- wp:heading {\"level\":3} --><\/p>\n<h3><em>la base<\/em><\/h3>\n<p><!-- \/wp:heading --><\/p>\n<p><!-- wp:paragraph --><\/p>\n<p><em>10\u20ac par heure et par personne (soit 30 \u00e0 40 euros le mini-stage)<br \/>Plus participation aux frais d\u2019h\u00e9bergement et de sustentation collective.<br \/>La cotisation vaut pour participation aux ateliers et adh\u00e9sion au Collectif Cdansnoscordes dans le cadre duquel sont organis\u00e9s les stages de pratique<\/em><\/p>\n<p><!-- \/wp:paragraph --><\/p>\n<p><!-- wp:heading {\"level\":3} --><\/p>\n<h3><em>la solidarit\u00e9<\/em><\/h3>\n<p><!-- \/wp:heading --><\/p>\n<p><!-- wp:paragraph --><\/p>\n<p>\u2013 <em>il y aura environ 6 \u00e0 7 heures d\u2019activit\u00e9s propos\u00e9es par jour, entre la d\u00e9couverte d\u2019un morceau, les s\u00e9ances d\u2019entra\u00eenement de l\u2019oreille, les r\u00e9p\u00e9titions en groupe, etc\u2026<br \/>\u2013 chacun.e participe \u00e0 autant (ou aussi peu) d\u2019heures qu\u2019il\/elle le souhaite<br \/>\u2013 je fixe le seuil de participation au stage \u00e0 30\u20ac\/jour\/personne : chacun.e voit ensuite s\u2019il peut compl\u00e9ter ou non \u00e0 hauteur du nombre d\u2019heures r\u00e9elles effectu\u00e9es, sans que les deux soient corr\u00e9l\u00e9s.<br \/><\/em><\/p>\n<p><!-- \/wp:paragraph --><\/p>\n<p><!-- wp:paragraph --><\/p>\n<p><em>Bon\u2026 c\u2019est toujours pas clair\u2026<\/em><\/p>\n<p><!-- \/wp:paragraph --><\/p>\n<p><!-- wp:heading {\"level\":3} --><\/p>\n<h3><em>les exemples<\/em><\/h3>\n<p><!-- \/wp:heading --><\/p>\n<p><!-- wp:paragraph --><\/p>\n<p><strong><em>Jessie Kordamonark<\/em><\/strong><em> veut participer \u00e0 tous les ateliers parce que c\u2019est trop super mais ses finances ne lui permettent pas d\u2019aller au-del\u00e0 de 30\u20ac\/par jour (parce qu\u2019avec un nom comme \u00e7a elle a eu du mal \u00e0 trouver du boulot par exemple) : ben c\u2019est pas un probl\u00e8me, elle fait toutes les heures qu\u2019elle veut et ne verse que 30\u20ac<\/em><\/p>\n<p><!-- \/wp:paragraph --><\/p>\n<p><!-- wp:paragraph --><\/p>\n<p><strong><em>J\u00e9r\u00e9my Moncapohalanverencorunefoi<\/em><\/strong><em> veut aussi participer \u00e0 tous les ateliers parce que c\u2019est trop super, et il estime qu\u2019il peut sans probl\u00e8me payer les 70\u20ac\/par jour correspondant aux heures qu\u2019il compte faire parce qu\u2019il gagne bien sa vie gr\u00e2ce aux ventes de son autobiographie <\/em><em>J\u2019ai r\u00e9ussi malgr\u00e9 un nom \u00e0 coucher dehors<\/em><em> : ben c\u2019est pas un probl\u00e8me non plus, c\u2019est un acte de solidarit\u00e9. Et \u00e9videmment, toutes les solutions interm\u00e9diaires sont faisables (mais j\u2019avais plus d\u2019id\u00e9e pour les noms\u2026)<\/em><\/p>\n<p><!-- \/wp:paragraph --><\/p>\n<p><!-- wp:heading --><\/p>\n<h2><em>LE LIEU<\/em><\/h2>\n<p><!-- \/wp:heading --><\/p>\n<p><!-- wp:paragraph --><\/p>\n<p><em>Nous cherchons \u00e0 chaque fois un lieu paisible et proche de la nature pour h\u00e9berger le stage, o\u00f9 l\u2019on puisse jouer \u00e0 loisir.<\/em><\/p>\n<p><em>Cette ann\u00e9e nous \u00e9tions \u00e0 Pompogne pr\u00e8s de Casteljaloux, \u00e0 1h30 de Bordeaux<\/em><\/p>\n<p><em> <img decoding=\"async\" class=\"alignnone size-medium wp-image-1518\" src=\"https:\/\/cdansnoscordes.net\/wp-content\/uploads\/2023\/06\/Capture-decran-2023-06-01-a-10.51.17-300x225.jpg\" alt=\"\" width=\"300\" height=\"225\" srcset=\"https:\/\/cdansnoscordes.net\/wp-content\/uploads\/2023\/06\/Capture-decran-2023-06-01-a-10.51.17-300x225.jpg 300w, https:\/\/cdansnoscordes.net\/wp-content\/uploads\/2023\/06\/Capture-decran-2023-06-01-a-10.51.17-1024x767.jpg 1024w, https:\/\/cdansnoscordes.net\/wp-content\/uploads\/2023\/06\/Capture-decran-2023-06-01-a-10.51.17-768x575.jpg 768w, https:\/\/cdansnoscordes.net\/wp-content\/uploads\/2023\/06\/Capture-decran-2023-06-01-a-10.51.17-1536x1151.jpg 1536w, https:\/\/cdansnoscordes.net\/wp-content\/uploads\/2023\/06\/Capture-decran-2023-06-01-a-10.51.17-2048x1534.jpg 2048w\" sizes=\"(max-width: 300px) 100vw, 300px\" \/><\/em><\/p>\n<p><!-- \/wp:paragraph --><\/p>\n<p><!-- wp:paragraph --><\/p>\n<p><!-- \/wp:paragraph --><\/p>\t\t\t\t\t\t<\/div>\n\t\t\t\t<\/div>\n\t\t\t\t\t<\/div>\n\t\t<\/div>\n\t\t\t\t\t<\/div>\n\t\t<\/section>\n\t\t\t\t<\/div>\n\t\t","protected":false},"excerpt":{"rendered":"<p>Ateliers th\u00e9\u00e2tre Ateliers musique Trotte&#8217;n Frettes Les ateliers Trotte&#8217;n Frettes sont une succession de modules de 3h d\u00e9bouchant sur une production, qui prend la forme d\u2019un mini-concert ou d\u2019un enregistrement de fin de session. LE PROGRAMME Chaque jour sont propos\u00e9s<\/p>\n","protected":false},"author":5,"featured_media":0,"parent":215,"menu_order":0,"comment_status":"closed","ping_status":"closed","template":"","meta":[],"_links":{"self":[{"href":"https:\/\/cdansnoscordes.net\/index.php\/wp-json\/wp\/v2\/pages\/36"}],"collection":[{"href":"https:\/\/cdansnoscordes.net\/index.php\/wp-json\/wp\/v2\/pages"}],"about":[{"href":"https:\/\/cdansnoscordes.net\/index.php\/wp-json\/wp\/v2\/types\/page"}],"author":[{"embeddable":true,"href":"https:\/\/cdansnoscordes.net\/index.php\/wp-json\/wp\/v2\/users\/5"}],"replies":[{"embeddable":true,"href":"https:\/\/cdansnoscordes.net\/index.php\/wp-json\/wp\/v2\/comments?post=36"}],"version-history":[{"count":31,"href":"https:\/\/cdansnoscordes.net\/index.php\/wp-json\/wp\/v2\/pages\/36\/revisions"}],"predecessor-version":[{"id":1549,"href":"https:\/\/cdansnoscordes.net\/index.php\/wp-json\/wp\/v2\/pages\/36\/revisions\/1549"}],"up":[{"embeddable":true,"href":"https:\/\/cdansnoscordes.net\/index.php\/wp-json\/wp\/v2\/pages\/215"}],"wp:attachment":[{"href":"https:\/\/cdansnoscordes.net\/index.php\/wp-json\/wp\/v2\/media?parent=36"}],"curies":[{"name":"wp","href":"https:\/\/api.w.org\/{rel}","templated":true}]}}