{"id":32,"date":"2020-03-20T19:33:48","date_gmt":"2020-03-20T18:33:48","guid":{"rendered":"http:\/\/ateliers.blopinterjection.com\/?page_id=32"},"modified":"2022-12-21T15:10:19","modified_gmt":"2022-12-21T14:10:19","slug":"ateliers-theatre-2","status":"publish","type":"page","link":"https:\/\/cdansnoscordes.net\/index.php\/ateliers-theatre-2\/","title":{"rendered":"Ateliers th\u00e9\u00e2tre"},"content":{"rendered":"\t\t<div data-elementor-type=\"wp-page\" data-elementor-id=\"32\" class=\"elementor elementor-32\">\n\t\t\t\t\t\t<section class=\"elementor-section elementor-top-section elementor-element elementor-element-6f762c6f elementor-section-full_width elementor-section-height-default elementor-section-height-default\" data-id=\"6f762c6f\" data-element_type=\"section\" data-settings=\"{&quot;background_background&quot;:&quot;slideshow&quot;,&quot;background_slideshow_gallery&quot;:[],&quot;background_slideshow_loop&quot;:&quot;yes&quot;,&quot;background_slideshow_slide_duration&quot;:5000,&quot;background_slideshow_slide_transition&quot;:&quot;fade&quot;,&quot;background_slideshow_transition_duration&quot;:500}\">\n\t\t\t\t\t\t<div class=\"elementor-container elementor-column-gap-extended\">\n\t\t\t\t\t<div class=\"elementor-column elementor-col-50 elementor-top-column elementor-element elementor-element-1a8fda27\" data-id=\"1a8fda27\" data-element_type=\"column\">\n\t\t\t<div class=\"elementor-widget-wrap elementor-element-populated\">\n\t\t\t\t\t\t<div class=\"elementor-element elementor-element-6b559d0d elementor-widget elementor-widget-image\" data-id=\"6b559d0d\" data-element_type=\"widget\" data-settings=\"{&quot;_animation&quot;:&quot;none&quot;}\" data-widget_type=\"image.default\">\n\t\t\t\t<div class=\"elementor-widget-container\">\n\t\t\t<style>\/*! elementor - v3.23.0 - 05-08-2024 *\/\n.elementor-widget-image{text-align:center}.elementor-widget-image a{display:inline-block}.elementor-widget-image a img[src$=\".svg\"]{width:48px}.elementor-widget-image img{vertical-align:middle;display:inline-block}<\/style>\t\t\t\t\t\t\t<figure class=\"wp-caption\">\n\t\t\t\t\t\t\t\t\t\t\t<a href=\"https:\/\/cdansnoscordes.net\/index.php\/ateliers-theatre-2\/\">\n\t\t\t\t\t\t\t<img fetchpriority=\"high\" decoding=\"async\" width=\"750\" height=\"268\" src=\"https:\/\/cdansnoscordes.net\/wp-content\/uploads\/2022\/07\/atlier-floirac-diapo-1024x366-1.jpg\" class=\"elementor-animation-grow attachment-large size-large wp-image-415\" alt=\"\" srcset=\"https:\/\/cdansnoscordes.net\/wp-content\/uploads\/2022\/07\/atlier-floirac-diapo-1024x366-1.jpg 1024w, https:\/\/cdansnoscordes.net\/wp-content\/uploads\/2022\/07\/atlier-floirac-diapo-1024x366-1-300x107.jpg 300w, https:\/\/cdansnoscordes.net\/wp-content\/uploads\/2022\/07\/atlier-floirac-diapo-1024x366-1-768x275.jpg 768w\" sizes=\"(max-width: 750px) 100vw, 750px\" \/>\t\t\t\t\t\t\t\t<\/a>\n\t\t\t\t\t\t\t\t\t\t\t<figcaption class=\"widget-image-caption wp-caption-text\">Ateliers th\u00e9\u00e2tre<\/figcaption>\n\t\t\t\t\t\t\t\t\t\t<\/figure>\n\t\t\t\t\t\t\t<\/div>\n\t\t\t\t<\/div>\n\t\t\t\t\t<\/div>\n\t\t<\/div>\n\t\t\t\t<div class=\"elementor-column elementor-col-50 elementor-top-column elementor-element elementor-element-488a0b29\" data-id=\"488a0b29\" data-element_type=\"column\">\n\t\t\t<div class=\"elementor-widget-wrap elementor-element-populated\">\n\t\t\t\t\t\t<div class=\"elementor-element elementor-element-2d7ca989 elementor-widget elementor-widget-image\" data-id=\"2d7ca989\" data-element_type=\"widget\" data-settings=\"{&quot;_animation&quot;:&quot;none&quot;}\" data-widget_type=\"image.default\">\n\t\t\t\t<div class=\"elementor-widget-container\">\n\t\t\t\t\t\t\t\t\t\t<figure class=\"wp-caption\">\n\t\t\t\t\t\t\t\t\t\t\t<a href=\"https:\/\/cdansnoscordes.net\/index.php\/ateliers-musique\/\">\n\t\t\t\t\t\t\t<img decoding=\"async\" width=\"750\" height=\"268\" src=\"https:\/\/cdansnoscordes.net\/wp-content\/uploads\/2022\/07\/barre\u0301s-diapo-1024x366-1.jpg\" class=\"elementor-animation-grow attachment-large size-large wp-image-416\" alt=\"\" srcset=\"https:\/\/cdansnoscordes.net\/wp-content\/uploads\/2022\/07\/barre\u0301s-diapo-1024x366-1.jpg 1024w, https:\/\/cdansnoscordes.net\/wp-content\/uploads\/2022\/07\/barre\u0301s-diapo-1024x366-1-300x107.jpg 300w, https:\/\/cdansnoscordes.net\/wp-content\/uploads\/2022\/07\/barre\u0301s-diapo-1024x366-1-768x275.jpg 768w\" sizes=\"(max-width: 750px) 100vw, 750px\" \/>\t\t\t\t\t\t\t\t<\/a>\n\t\t\t\t\t\t\t\t\t\t\t<figcaption class=\"widget-image-caption wp-caption-text\">Ateliers musique<\/figcaption>\n\t\t\t\t\t\t\t\t\t\t<\/figure>\n\t\t\t\t\t\t\t<\/div>\n\t\t\t\t<\/div>\n\t\t\t\t\t<\/div>\n\t\t<\/div>\n\t\t\t\t\t<\/div>\n\t\t<\/section>\n\t\t\t\t<section class=\"elementor-section elementor-top-section elementor-element elementor-element-3cc31ae elementor-section-boxed elementor-section-height-default elementor-section-height-default\" data-id=\"3cc31ae\" data-element_type=\"section\">\n\t\t\t\t\t\t<div class=\"elementor-container elementor-column-gap-default\">\n\t\t\t\t\t<div class=\"elementor-column elementor-col-100 elementor-top-column elementor-element elementor-element-a34a793\" data-id=\"a34a793\" data-element_type=\"column\">\n\t\t\t<div class=\"elementor-widget-wrap elementor-element-populated\">\n\t\t\t\t\t\t<div class=\"elementor-element elementor-element-bb1ffb3 elementor-widget elementor-widget-heading\" data-id=\"bb1ffb3\" data-element_type=\"widget\" data-widget_type=\"heading.default\">\n\t\t\t\t<div class=\"elementor-widget-container\">\n\t\t\t<style>\/*! elementor - v3.23.0 - 05-08-2024 *\/\n.elementor-heading-title{padding:0;margin:0;line-height:1}.elementor-widget-heading .elementor-heading-title[class*=elementor-size-]>a{color:inherit;font-size:inherit;line-height:inherit}.elementor-widget-heading .elementor-heading-title.elementor-size-small{font-size:15px}.elementor-widget-heading .elementor-heading-title.elementor-size-medium{font-size:19px}.elementor-widget-heading .elementor-heading-title.elementor-size-large{font-size:29px}.elementor-widget-heading .elementor-heading-title.elementor-size-xl{font-size:39px}.elementor-widget-heading .elementor-heading-title.elementor-size-xxl{font-size:59px}<\/style><h2 class=\"elementor-heading-title elementor-size-default\">Ateliers th\u00e9\u00e2tre<\/h2>\t\t<\/div>\n\t\t\t\t<\/div>\n\t\t\t\t\t<\/div>\n\t\t<\/div>\n\t\t\t\t\t<\/div>\n\t\t<\/section>\n\t\t\t\t<section class=\"elementor-section elementor-top-section elementor-element elementor-element-59581a30 elementor-section-boxed elementor-section-height-default elementor-section-height-default\" data-id=\"59581a30\" data-element_type=\"section\">\n\t\t\t\t\t\t<div class=\"elementor-container elementor-column-gap-default\">\n\t\t\t\t\t<div class=\"elementor-column elementor-col-100 elementor-top-column elementor-element elementor-element-43d1db86\" data-id=\"43d1db86\" data-element_type=\"column\">\n\t\t\t<div class=\"elementor-widget-wrap elementor-element-populated\">\n\t\t\t\t\t\t<div class=\"elementor-element elementor-element-7a983963 elementor-widget elementor-widget-text-editor\" data-id=\"7a983963\" data-element_type=\"widget\" data-widget_type=\"text-editor.default\">\n\t\t\t\t<div class=\"elementor-widget-container\">\n\t\t\t<style>\/*! elementor - v3.23.0 - 05-08-2024 *\/\n.elementor-widget-text-editor.elementor-drop-cap-view-stacked .elementor-drop-cap{background-color:#69727d;color:#fff}.elementor-widget-text-editor.elementor-drop-cap-view-framed .elementor-drop-cap{color:#69727d;border:3px solid;background-color:transparent}.elementor-widget-text-editor:not(.elementor-drop-cap-view-default) .elementor-drop-cap{margin-top:8px}.elementor-widget-text-editor:not(.elementor-drop-cap-view-default) .elementor-drop-cap-letter{width:1em;height:1em}.elementor-widget-text-editor .elementor-drop-cap{float:left;text-align:center;line-height:1;font-size:50px}.elementor-widget-text-editor .elementor-drop-cap-letter{display:inline-block}<\/style>\t\t\t\t<!-- wp:heading {\"level\":3} -->\n<h3><strong>Des ateliers de pratique amateure\u00a0ouverts \u00e0 tou.te.s<\/strong><\/h3>\n<!-- \/wp:heading --><!-- wp:paragraph -->\n<p>\u00a0<\/p>\n<!-- \/wp:paragraph --><!-- wp:image {\"align\":\"center\",\"id\":1683,\"width\":696,\"height\":383} -->\n<div class=\"wp-block-image\">\n<figure class=\"aligncenter is-resized\"><img decoding=\"async\" class=\"wp-image-1683\" src=\"https:\/\/blopinterjection.com\/wp-content\/uploads\/2017\/01\/IMG_3438.png\" alt=\"\" width=\"696\" height=\"383\" \/>\n<figcaption><em>atelier th\u00e9\u00e2tre enfants 2015\/2016 \u2013\u00a0photo Fred Jouveaux<\/em><\/figcaption>\n<\/figure>\n<\/div>\n<!-- \/wp:image --><!-- wp:paragraph -->\n<p>\u00a0<\/p>\n<!-- \/wp:paragraph --><!-- wp:paragraph -->\n<p>Fid\u00e8le \u00e0 son engagement, le <strong>Collectif<\/strong><em>Cdansnoscordes <\/em>est pr\u00e9sent sur le terrain des pratiques amateures et participe \u00e0 l&#8217;ouverture des pratiques culturelles et artistiques en direction du plus grand nombre.<\/p>\n<!-- \/wp:paragraph --><!-- wp:paragraph -->\n<p>Ainsi, plusieurs ateliers de cr\u00e9ation th\u00e9\u00e2trale sont anim\u00e9s par les artistes professionnels du Collectif. Ces ateliers sont\u00a0ouverts \u00e0 toutes les personnes de bonne volont\u00e9 d\u00e9sireuses de s\u2019engager dans des projets collectifs de cr\u00e9ation artistique, qu\u2019elles soient exp\u00e9riment\u00e9es ou novices dans le domaine du spectacle vivant, qu&#8217;il s&#8217;agisse de particuliers ou d&#8217;enseignants d\u00e9sireux d&#8217;impliquer leurs \u00e9l\u00e8ves dans des projets de cr\u00e9ation.<\/p>\n<!-- \/wp:paragraph --><!-- wp:paragraph -->\n<p>Ces ateliers, d\u00e9bouchent lors de chaque fin d&#8217;exercice sur une ou plusieurs repr\u00e9sentations publiques, et donnent lieu, le plus souvent, \u00e0 l&#8217;\u00e9criture d&#8217;un texte original.<\/p>\n<!-- \/wp:paragraph --><!-- wp:paragraph -->\n<p>En ce qui concerne les ateliers dont le <strong>Collectif<\/strong><em>Cdansnoscordes<\/em> est l&#8217;organisateur, il est demand\u00e9 aux participants d&#8217;adh\u00e9rer \u00e0 l&#8217;association. Les cotisation pour la participation aux financement des ateliers vaut adh\u00e9sion.<\/p>\n<!-- \/wp:paragraph --><!-- wp:paragraph -->\n<p>Nous interviendrons \u00e9galement d\u00e8s la saison 2023\/24, pour animer des ateliers de cr\u00e9ation th\u00e9\u00e2trale aupr\u00e8s des \u00e9l\u00e8ves de plusieurs \u00e9tablissements scolaires proches de l\u2019agglom\u00e9ration bordelaise, tant au niveau primaire qu\u2019au niveau secondaire.<\/p>\n<!-- \/wp:paragraph --><!-- wp:paragraph --><!-- \/wp:paragraph --><!-- wp:paragraph --><!-- \/wp:paragraph --><!-- wp:paragraph -->\n<p>\u00a0<\/p>\n<!-- \/wp:paragraph -->\t\t\t\t\t\t<\/div>\n\t\t\t\t<\/div>\n\t\t\t\t\t<\/div>\n\t\t<\/div>\n\t\t\t\t\t<\/div>\n\t\t<\/section>\n\t\t\t\t<\/div>\n\t\t","protected":false},"excerpt":{"rendered":"<p>Ateliers th\u00e9\u00e2tre Ateliers musique Ateliers th\u00e9\u00e2tre Des ateliers de pratique amateure&nbsp;ouverts \u00e0 tou.te.s &nbsp; &nbsp; Fid\u00e8le \u00e0 son engagement, le CollectifCdansnoscordes est pr\u00e9sent sur le terrain des pratiques amateures et participe \u00e0 l&#8217;ouverture des pratiques culturelles et artistiques en direction<\/p>\n","protected":false},"author":5,"featured_media":0,"parent":0,"menu_order":0,"comment_status":"closed","ping_status":"closed","template":"","meta":[],"_links":{"self":[{"href":"https:\/\/cdansnoscordes.net\/index.php\/wp-json\/wp\/v2\/pages\/32"}],"collection":[{"href":"https:\/\/cdansnoscordes.net\/index.php\/wp-json\/wp\/v2\/pages"}],"about":[{"href":"https:\/\/cdansnoscordes.net\/index.php\/wp-json\/wp\/v2\/types\/page"}],"author":[{"embeddable":true,"href":"https:\/\/cdansnoscordes.net\/index.php\/wp-json\/wp\/v2\/users\/5"}],"replies":[{"embeddable":true,"href":"https:\/\/cdansnoscordes.net\/index.php\/wp-json\/wp\/v2\/comments?post=32"}],"version-history":[{"count":11,"href":"https:\/\/cdansnoscordes.net\/index.php\/wp-json\/wp\/v2\/pages\/32\/revisions"}],"predecessor-version":[{"id":1257,"href":"https:\/\/cdansnoscordes.net\/index.php\/wp-json\/wp\/v2\/pages\/32\/revisions\/1257"}],"wp:attachment":[{"href":"https:\/\/cdansnoscordes.net\/index.php\/wp-json\/wp\/v2\/media?parent=32"}],"curies":[{"name":"wp","href":"https:\/\/api.w.org\/{rel}","templated":true}]}}