{"id":246,"date":"2020-04-03T17:18:45","date_gmt":"2020-04-03T15:18:45","guid":{"rendered":"https:\/\/ateliers.blopinterjection.com\/?page_id=155"},"modified":"2022-07-10T06:56:18","modified_gmt":"2022-07-10T04:56:18","slug":"avec-les-mediatheques-municipales-de-floirac","status":"publish","type":"page","link":"https:\/\/cdansnoscordes.net\/index.php\/avec-les-mediatheques-municipales-de-floirac\/","title":{"rendered":"Avec la M\u00e9diath\u00e8que municipale de Floirac"},"content":{"rendered":"\t\t<div data-elementor-type=\"wp-page\" data-elementor-id=\"246\" class=\"elementor elementor-246\">\n\t\t\t\t\t\t<section class=\"elementor-section elementor-top-section elementor-element elementor-element-9100c7b elementor-section-full_width elementor-section-height-default elementor-section-height-default\" data-id=\"9100c7b\" data-element_type=\"section\" data-settings=\"{&quot;background_background&quot;:&quot;slideshow&quot;,&quot;background_slideshow_gallery&quot;:[],&quot;background_slideshow_loop&quot;:&quot;yes&quot;,&quot;background_slideshow_slide_duration&quot;:5000,&quot;background_slideshow_slide_transition&quot;:&quot;fade&quot;,&quot;background_slideshow_transition_duration&quot;:500}\">\n\t\t\t\t\t\t<div class=\"elementor-container elementor-column-gap-extended\">\n\t\t\t\t\t<div class=\"elementor-column elementor-col-50 elementor-top-column elementor-element elementor-element-d036e31\" data-id=\"d036e31\" data-element_type=\"column\">\n\t\t\t<div class=\"elementor-widget-wrap elementor-element-populated\">\n\t\t\t\t\t\t<div class=\"elementor-element elementor-element-7573aa6e elementor-widget elementor-widget-image\" data-id=\"7573aa6e\" data-element_type=\"widget\" data-settings=\"{&quot;_animation&quot;:&quot;none&quot;}\" data-widget_type=\"image.default\">\n\t\t\t\t<div class=\"elementor-widget-container\">\n\t\t\t<style>\/*! elementor - v3.23.0 - 05-08-2024 *\/\n.elementor-widget-image{text-align:center}.elementor-widget-image a{display:inline-block}.elementor-widget-image a img[src$=\".svg\"]{width:48px}.elementor-widget-image img{vertical-align:middle;display:inline-block}<\/style>\t\t\t\t\t\t\t<figure class=\"wp-caption\">\n\t\t\t\t\t\t\t\t\t\t\t<a href=\"https:\/\/cdansnoscordes.net\/index.php\/ateliers-theatre-2\/\">\n\t\t\t\t\t\t\t<img fetchpriority=\"high\" decoding=\"async\" width=\"750\" height=\"268\" src=\"https:\/\/cdansnoscordes.net\/wp-content\/uploads\/2022\/07\/atlier-floirac-diapo-1024x366-1.jpg\" class=\"elementor-animation-grow attachment-large size-large wp-image-415\" alt=\"\" srcset=\"https:\/\/cdansnoscordes.net\/wp-content\/uploads\/2022\/07\/atlier-floirac-diapo-1024x366-1.jpg 1024w, https:\/\/cdansnoscordes.net\/wp-content\/uploads\/2022\/07\/atlier-floirac-diapo-1024x366-1-300x107.jpg 300w, https:\/\/cdansnoscordes.net\/wp-content\/uploads\/2022\/07\/atlier-floirac-diapo-1024x366-1-768x275.jpg 768w\" sizes=\"(max-width: 750px) 100vw, 750px\" \/>\t\t\t\t\t\t\t\t<\/a>\n\t\t\t\t\t\t\t\t\t\t\t<figcaption class=\"widget-image-caption wp-caption-text\">Ateliers th\u00e9\u00e2tre<\/figcaption>\n\t\t\t\t\t\t\t\t\t\t<\/figure>\n\t\t\t\t\t\t\t<\/div>\n\t\t\t\t<\/div>\n\t\t\t\t\t<\/div>\n\t\t<\/div>\n\t\t\t\t<div class=\"elementor-column elementor-col-50 elementor-top-column elementor-element elementor-element-113d6935\" data-id=\"113d6935\" data-element_type=\"column\">\n\t\t\t<div class=\"elementor-widget-wrap elementor-element-populated\">\n\t\t\t\t\t\t<div class=\"elementor-element elementor-element-42af7f28 elementor-widget elementor-widget-image\" data-id=\"42af7f28\" data-element_type=\"widget\" data-settings=\"{&quot;_animation&quot;:&quot;none&quot;}\" data-widget_type=\"image.default\">\n\t\t\t\t<div class=\"elementor-widget-container\">\n\t\t\t\t\t\t\t\t\t\t<figure class=\"wp-caption\">\n\t\t\t\t\t\t\t\t\t\t\t<a href=\"https:\/\/cdansnoscordes.net\/index.php\/ateliers-musique\/\">\n\t\t\t\t\t\t\t<img decoding=\"async\" width=\"750\" height=\"268\" src=\"https:\/\/cdansnoscordes.net\/wp-content\/uploads\/2022\/07\/barre\u0301s-diapo-1024x366-1.jpg\" class=\"elementor-animation-grow attachment-large size-large wp-image-416\" alt=\"\" srcset=\"https:\/\/cdansnoscordes.net\/wp-content\/uploads\/2022\/07\/barre\u0301s-diapo-1024x366-1.jpg 1024w, https:\/\/cdansnoscordes.net\/wp-content\/uploads\/2022\/07\/barre\u0301s-diapo-1024x366-1-300x107.jpg 300w, https:\/\/cdansnoscordes.net\/wp-content\/uploads\/2022\/07\/barre\u0301s-diapo-1024x366-1-768x275.jpg 768w\" sizes=\"(max-width: 750px) 100vw, 750px\" \/>\t\t\t\t\t\t\t\t<\/a>\n\t\t\t\t\t\t\t\t\t\t\t<figcaption class=\"widget-image-caption wp-caption-text\">Ateliers musique<\/figcaption>\n\t\t\t\t\t\t\t\t\t\t<\/figure>\n\t\t\t\t\t\t\t<\/div>\n\t\t\t\t<\/div>\n\t\t\t\t\t<\/div>\n\t\t<\/div>\n\t\t\t\t\t<\/div>\n\t\t<\/section>\n\t\t\t\t<section class=\"elementor-section elementor-top-section elementor-element elementor-element-552e374c elementor-section-boxed elementor-section-height-default elementor-section-height-default\" data-id=\"552e374c\" data-element_type=\"section\">\n\t\t\t\t\t\t<div class=\"elementor-container elementor-column-gap-default\">\n\t\t\t\t\t<div class=\"elementor-column elementor-col-100 elementor-top-column elementor-element elementor-element-4632b901\" data-id=\"4632b901\" data-element_type=\"column\">\n\t\t\t<div class=\"elementor-widget-wrap elementor-element-populated\">\n\t\t\t\t\t\t<div class=\"elementor-element elementor-element-36f1b924 elementor-widget elementor-widget-heading\" data-id=\"36f1b924\" data-element_type=\"widget\" data-widget_type=\"heading.default\">\n\t\t\t\t<div class=\"elementor-widget-container\">\n\t\t\t<style>\/*! elementor - v3.23.0 - 05-08-2024 *\/\n.elementor-heading-title{padding:0;margin:0;line-height:1}.elementor-widget-heading .elementor-heading-title[class*=elementor-size-]>a{color:inherit;font-size:inherit;line-height:inherit}.elementor-widget-heading .elementor-heading-title.elementor-size-small{font-size:15px}.elementor-widget-heading .elementor-heading-title.elementor-size-medium{font-size:19px}.elementor-widget-heading .elementor-heading-title.elementor-size-large{font-size:29px}.elementor-widget-heading .elementor-heading-title.elementor-size-xl{font-size:39px}.elementor-widget-heading .elementor-heading-title.elementor-size-xxl{font-size:59px}<\/style><h2 class=\"elementor-heading-title elementor-size-default\">Accueil d'auteurs<\/h2>\t\t<\/div>\n\t\t\t\t<\/div>\n\t\t\t\t\t<\/div>\n\t\t<\/div>\n\t\t\t\t\t<\/div>\n\t\t<\/section>\n\t\t\t\t<section class=\"elementor-section elementor-top-section elementor-element elementor-element-7fd34ab3 elementor-section-boxed elementor-section-height-default elementor-section-height-default\" data-id=\"7fd34ab3\" data-element_type=\"section\">\n\t\t\t\t\t\t<div class=\"elementor-container elementor-column-gap-default\">\n\t\t\t\t\t<div class=\"elementor-column elementor-col-100 elementor-top-column elementor-element elementor-element-1a6dea72\" data-id=\"1a6dea72\" data-element_type=\"column\">\n\t\t\t<div class=\"elementor-widget-wrap elementor-element-populated\">\n\t\t\t\t\t\t<div class=\"elementor-element elementor-element-3a107c01 elementor-widget elementor-widget-text-editor\" data-id=\"3a107c01\" data-element_type=\"widget\" data-widget_type=\"text-editor.default\">\n\t\t\t\t<div class=\"elementor-widget-container\">\n\t\t\t<style>\/*! elementor - v3.23.0 - 05-08-2024 *\/\n.elementor-widget-text-editor.elementor-drop-cap-view-stacked .elementor-drop-cap{background-color:#69727d;color:#fff}.elementor-widget-text-editor.elementor-drop-cap-view-framed .elementor-drop-cap{color:#69727d;border:3px solid;background-color:transparent}.elementor-widget-text-editor:not(.elementor-drop-cap-view-default) .elementor-drop-cap{margin-top:8px}.elementor-widget-text-editor:not(.elementor-drop-cap-view-default) .elementor-drop-cap-letter{width:1em;height:1em}.elementor-widget-text-editor .elementor-drop-cap{float:left;text-align:center;line-height:1;font-size:50px}.elementor-widget-text-editor .elementor-drop-cap-letter{display:inline-block}<\/style>\t\t\t\t<p><!-- wp:heading --><\/p>\n\n<p><!-- \/wp:heading --><\/p>\n<p><!-- wp:image {\"align\":\"center\",\"id\":319,\"width\":795,\"height\":598,\"sizeSlug\":\"large\"} --><\/p>\n<div class=\"wp-block-image\">\n<figure class=\"aligncenter size-large is-resized\"><img decoding=\"async\" src=\"https:\/\/ateliers.blopinterjection.com\/wp-content\/uploads\/2020\/04\/IMG_1621-1024x768.jpg\" alt=\"\" class=\"wp-image-319\" width=\"795\" height=\"598\"><p><\/p>\n<figcaption><em>Repr\u00e9sentation Va-t-en-guerre &#8211; M270 Floirac &#8211; mars 2017<\/em><\/figcaption>\n<\/figure>\n<\/div>\n<p><!-- \/wp:image --><\/p>\n<p><!-- wp:paragraph --><\/p>\n<p>Au cours de la saison 2016\/2017, nous avons \u00e9t\u00e9 sollicit\u00e9 par la M\u00e9diath\u00e8que Municipale de Floirac dans le cadre de l&#8217;accueil de Thierry Dedieu, c\u00e9l\u00e8bre et prolifique auteur d&#8217;albums de litt\u00e9rature pour la jeunesse. A l&#8217;occasion de sa venue, la m\u00e9diath\u00e8que a souhait\u00e9 lui faire une surprise en lui pr\u00e9sentant un travail sc\u00e9nique qui serait conte et r\u00e9alis\u00e9 \u00e0 partir d&#8217;un ou plusieurs de ces ouvrages. <\/p>\n<p><!-- \/wp:paragraph --><\/p>\n<p><!-- wp:paragraph --><\/p>\n<p>Nous avons donc travaill\u00e9 avec les \u00e9l\u00e8ves de deux classes de cours moyen de l&#8217;\u00e9cole Louis Aragon \u00e0 la conception d&#8217;un spectacle imagin\u00e9 \u00e0 partir de l&#8217;album \u00ab Va-t-en-guerre \u00bb.<\/p>\n<p><!-- \/wp:paragraph --><\/p>\n<p><!-- wp:paragraph --><\/p>\n<p>Ce spectacle chor\u00e9graphique et musical a \u00e9t\u00e9 pr\u00e9sent\u00e9 par les \u00e9l\u00e8ves des deux classes en mars 2017 \u00e0 la salle de spectacle de floirac, <em><strong>la M270-Maison des savoirs partag\u00e9s<\/strong><\/em>, en pr\u00e9sences d&#8217;un nombreux public, constitu\u00e9 en partie des parents d&#8217;\u00e9l\u00e8ves.<\/p>\n<p><!-- \/wp:paragraph --><\/p>\n<p><!-- wp:paragraph --><\/p>\n<p>Un projet similaire a \u00e9t\u00e9 mis en \u0153uvre deux ans plus tard et a \u00e9t\u00e9 r\u00e9alis\u00e9 \u00e0 partir de l&#8217;album \u00ab La le\u00e7on \u00bb de Micka\u00ebl Escoffier lors de sa venue dans la r\u00e9gion bordelaise en mars 2019. L\u00e0 encore, un spectacle chor\u00e9graphique \u00e0 \u00e9t\u00e9 con\u00e7u et jou\u00e9 par les \u00e9l\u00e8ves de deux classes de cours moyen de l&#8217;\u00e9cole Louis Aragon.<\/p>\n<p><!-- \/wp:paragraph --><\/p>\n<p><!-- wp:heading --><\/p>\n<h2>Demain Floirac<\/h2>\n<p><!-- \/wp:heading --><\/p>\n<p><!-- wp:image {\"align\":\"center\",\"id\":327,\"width\":780,\"height\":433,\"sizeSlug\":\"large\"} --><\/p>\n<div class=\"wp-block-image\">\n<figure class=\"aligncenter size-large is-resized\"><img loading=\"lazy\" decoding=\"async\" src=\"https:\/\/ateliers.blopinterjection.com\/wp-content\/uploads\/2020\/04\/Demain-Floirac-mars-2018-1024x569.png\" alt=\"\" class=\"wp-image-327\" width=\"780\" height=\"433\"><p><\/p>\n<figcaption>Demain Floirac &#8211; mars 2018<\/figcaption>\n<\/figure>\n<\/div>\n<p><!-- \/wp:image --><\/p>\n<p><!-- wp:paragraph --><\/p>\n<p>L\u2019\u00e9criture, la cr\u00e9ation, la d\u00e9couverte litt\u00e9raire et artistique s\u2019inscrivent naturellement dans les d\u00e9marches p\u00e9dagogiques et les missions communes aux \u00e9tablissements scolaires du second degr\u00e9 et aux m\u00e9diath\u00e8ques. Par sa forme courte, souvent abord\u00e9e lors de la scolarit\u00e9, la nouvelle appara\u00eet comme un genre litt\u00e9raire envisageable en termes d\u2019\u00e9criture pour des \u00e9l\u00e8ves de coll\u00e8ge. La science-fiction appartient \u00e9galement aux genres couramment \u00e9tudi\u00e9s et para\u00eet d\u2019autant plus appropri\u00e9e \u00e0 un exercice de cr\u00e9ation qu\u2019elle s\u2019inscrit ais\u00e9ment dans la culture des jeunes d\u2019aujourd\u2019hui et laisse une grande place \u00e0 l\u2019imagination et \u00e0 la r\u00e9flexion sur le monde de demain comme celui d\u2019aujourd\u2019hui.&nbsp;<\/p>\n<p><!-- \/wp:paragraph --><\/p>\n<p><!-- wp:paragraph --><\/p>\n<p>Impuls\u00e9 par la Ville de Floirac \u00ab&nbsp;Demain Floirac&nbsp;\u00bb est un parcours culturel articul\u00e9 autour de l\u2019\u00e9criture par les \u00e9l\u00e8ves de nouvelles de science-fiction. Pour sa premi\u00e8re \u00e9dition, ce parcours a \u00e9t\u00e9 propos\u00e9 aux classes de 3\u00e9me des coll\u00e8ges Georges Rayet et Nelson Mandela de Floirac au cours de l\u2019ann\u00e9e scolaire 2017-2018. Le th\u00e8me \u00e9tait d&#8217;imaginer la commune de Floirac dans 100 ans&#8230;<\/p>\n<p><!-- \/wp:paragraph --><\/p>\n<p><!-- wp:paragraph --><\/p>\n<p>Ces \u00e9l\u00e8ves ont ainsi r\u00e9dig\u00e9 deux nouvelles en mode collaboratif, et avec l&#8217;aide d&#8217;un auteur, intitul\u00e9es \u00ab Ecorch\u00e9s \u00bb et \u00ab Jungle urbaine \u00bb. Ces deux r\u00e9cits ont fait l&#8217;objet d&#8217;une \u00e9dition \u00e0 tirage limit\u00e9 \u00e0 l&#8217;intention des familles . La M\u00e9diath\u00e8que de Floirac a coordonner le projet et en a assurer le financement. <\/p>\n<p><!-- \/wp:paragraph --><\/p>\n<p><!-- wp:paragraph --><\/p>\n<p>En tout d\u00e9but de projet, des visites comment\u00e9es autour du patrimoine floiracais ont \u00e9t\u00e9 propos\u00e9s pour d\u00e9couvrir des lieux embl\u00e9matiques de la commune,et la M\u00e9diath\u00e8que a inviter les participants \u00e0 se r\u00e9unir autour de la projection d\u2019un film de science-fiction qui a \u00e9t\u00e9 \u00e9clair\u00e9e par un sp\u00e9cialiste de ce cin\u00e9ma de genre.<\/p>\n<p><!-- \/wp:paragraph --><\/p>\n<p><!-- wp:paragraph --><\/p>\n<p>Enfin, au printemps, \u00ab&nbsp;Demain Floirac&nbsp;\u00bb s\u2019est achever sur un temps festif \u00e0 la M270 o\u00f9 les coll\u00e9giens ont pu red\u00e9couvrir leur \u0153uvre mise en forme et mise en sc\u00e8ne par le <strong>Collectif<\/strong><em>blOp<\/em>.<\/p>\n<p><!-- \/wp:paragraph --><\/p>\n<p><!-- wp:paragraph --><\/p>\n<p>Ce spectacle a \u00e9t\u00e9 con\u00e7u, r\u00e9alis\u00e9 et jou\u00e9 par Jean-Philippe Tomasini et Fred Jouveaux et a fait l&#8217;objet d&#8217;une repr\u00e9sentation unique en avril 2018.<\/p>\n<p><!-- \/wp:paragraph --><\/p>\t\t\t\t\t\t<\/div>\n\t\t\t\t<\/div>\n\t\t\t\t\t<\/div>\n\t\t<\/div>\n\t\t\t\t\t<\/div>\n\t\t<\/section>\n\t\t\t\t<\/div>\n\t\t","protected":false},"excerpt":{"rendered":"<p>Ateliers th\u00e9\u00e2tre Ateliers musique Accueil d&#8217;auteurs Au cours de la saison 2016\/2017, nous avons \u00e9t\u00e9 sollicit\u00e9 par la M\u00e9diath\u00e8que Municipale de Floirac dans le cadre de l&#8217;accueil de Thierry Dedieu, c\u00e9l\u00e8bre et prolifique auteur d&#8217;albums de litt\u00e9rature pour la jeunesse.<\/p>\n","protected":false},"author":5,"featured_media":0,"parent":0,"menu_order":0,"comment_status":"closed","ping_status":"closed","template":"","meta":[],"_links":{"self":[{"href":"https:\/\/cdansnoscordes.net\/index.php\/wp-json\/wp\/v2\/pages\/246"}],"collection":[{"href":"https:\/\/cdansnoscordes.net\/index.php\/wp-json\/wp\/v2\/pages"}],"about":[{"href":"https:\/\/cdansnoscordes.net\/index.php\/wp-json\/wp\/v2\/types\/page"}],"author":[{"embeddable":true,"href":"https:\/\/cdansnoscordes.net\/index.php\/wp-json\/wp\/v2\/users\/5"}],"replies":[{"embeddable":true,"href":"https:\/\/cdansnoscordes.net\/index.php\/wp-json\/wp\/v2\/comments?post=246"}],"version-history":[{"count":4,"href":"https:\/\/cdansnoscordes.net\/index.php\/wp-json\/wp\/v2\/pages\/246\/revisions"}],"predecessor-version":[{"id":830,"href":"https:\/\/cdansnoscordes.net\/index.php\/wp-json\/wp\/v2\/pages\/246\/revisions\/830"}],"wp:attachment":[{"href":"https:\/\/cdansnoscordes.net\/index.php\/wp-json\/wp\/v2\/media?parent=246"}],"curies":[{"name":"wp","href":"https:\/\/api.w.org\/{rel}","templated":true}]}}