{"id":215,"date":"2022-07-08T16:36:57","date_gmt":"2022-07-08T14:36:57","guid":{"rendered":"https:\/\/cdansnoscordes.net\/?page_id=215"},"modified":"2022-09-11T09:59:48","modified_gmt":"2022-09-11T07:59:48","slug":"ateliers-musique","status":"publish","type":"page","link":"https:\/\/cdansnoscordes.net\/index.php\/ateliers-musique\/","title":{"rendered":"Ateliers musique"},"content":{"rendered":"\t\t<div data-elementor-type=\"wp-page\" data-elementor-id=\"215\" class=\"elementor elementor-215\">\n\t\t\t\t\t\t<section class=\"elementor-section elementor-top-section elementor-element elementor-element-424b63ae elementor-section-full_width elementor-section-height-default elementor-section-height-default\" data-id=\"424b63ae\" data-element_type=\"section\" data-settings=\"{&quot;background_background&quot;:&quot;slideshow&quot;,&quot;background_slideshow_gallery&quot;:[],&quot;background_slideshow_loop&quot;:&quot;yes&quot;,&quot;background_slideshow_slide_duration&quot;:5000,&quot;background_slideshow_slide_transition&quot;:&quot;fade&quot;,&quot;background_slideshow_transition_duration&quot;:500}\">\n\t\t\t\t\t\t<div class=\"elementor-container elementor-column-gap-extended\">\n\t\t\t\t\t<div class=\"elementor-column elementor-col-50 elementor-top-column elementor-element elementor-element-1e5d1a1b\" data-id=\"1e5d1a1b\" data-element_type=\"column\">\n\t\t\t<div class=\"elementor-widget-wrap elementor-element-populated\">\n\t\t\t\t\t\t<div class=\"elementor-element elementor-element-138f4bc5 elementor-widget elementor-widget-image\" data-id=\"138f4bc5\" data-element_type=\"widget\" data-settings=\"{&quot;_animation&quot;:&quot;none&quot;}\" data-widget_type=\"image.default\">\n\t\t\t\t<div class=\"elementor-widget-container\">\n\t\t\t<style>\/*! elementor - v3.23.0 - 05-08-2024 *\/\n.elementor-widget-image{text-align:center}.elementor-widget-image a{display:inline-block}.elementor-widget-image a img[src$=\".svg\"]{width:48px}.elementor-widget-image img{vertical-align:middle;display:inline-block}<\/style>\t\t\t\t\t\t\t<figure class=\"wp-caption\">\n\t\t\t\t\t\t\t\t\t\t\t<a href=\"https:\/\/cdansnoscordes.net\/index.php\/ateliers-theatre-2\/\">\n\t\t\t\t\t\t\t<img fetchpriority=\"high\" decoding=\"async\" width=\"750\" height=\"268\" src=\"https:\/\/cdansnoscordes.net\/wp-content\/uploads\/2022\/07\/atlier-floirac-diapo-1024x366-1.jpg\" class=\"elementor-animation-grow attachment-large size-large wp-image-415\" alt=\"\" srcset=\"https:\/\/cdansnoscordes.net\/wp-content\/uploads\/2022\/07\/atlier-floirac-diapo-1024x366-1.jpg 1024w, https:\/\/cdansnoscordes.net\/wp-content\/uploads\/2022\/07\/atlier-floirac-diapo-1024x366-1-300x107.jpg 300w, https:\/\/cdansnoscordes.net\/wp-content\/uploads\/2022\/07\/atlier-floirac-diapo-1024x366-1-768x275.jpg 768w\" sizes=\"(max-width: 750px) 100vw, 750px\" \/>\t\t\t\t\t\t\t\t<\/a>\n\t\t\t\t\t\t\t\t\t\t\t<figcaption class=\"widget-image-caption wp-caption-text\">Ateliers th\u00e9\u00e2tre<\/figcaption>\n\t\t\t\t\t\t\t\t\t\t<\/figure>\n\t\t\t\t\t\t\t<\/div>\n\t\t\t\t<\/div>\n\t\t\t\t\t<\/div>\n\t\t<\/div>\n\t\t\t\t<div class=\"elementor-column elementor-col-50 elementor-top-column elementor-element elementor-element-6801dec4\" data-id=\"6801dec4\" data-element_type=\"column\">\n\t\t\t<div class=\"elementor-widget-wrap elementor-element-populated\">\n\t\t\t\t\t\t<div class=\"elementor-element elementor-element-17b2e349 elementor-widget elementor-widget-image\" data-id=\"17b2e349\" data-element_type=\"widget\" data-settings=\"{&quot;_animation&quot;:&quot;none&quot;}\" data-widget_type=\"image.default\">\n\t\t\t\t<div class=\"elementor-widget-container\">\n\t\t\t\t\t\t\t\t\t\t<figure class=\"wp-caption\">\n\t\t\t\t\t\t\t\t\t\t\t<a href=\"https:\/\/cdansnoscordes.net\/index.php\/ateliers-musique\/\">\n\t\t\t\t\t\t\t<img decoding=\"async\" width=\"750\" height=\"268\" src=\"https:\/\/cdansnoscordes.net\/wp-content\/uploads\/2022\/07\/barre\u0301s-diapo-1024x366-1.jpg\" class=\"elementor-animation-grow attachment-large size-large wp-image-416\" alt=\"\" srcset=\"https:\/\/cdansnoscordes.net\/wp-content\/uploads\/2022\/07\/barre\u0301s-diapo-1024x366-1.jpg 1024w, https:\/\/cdansnoscordes.net\/wp-content\/uploads\/2022\/07\/barre\u0301s-diapo-1024x366-1-300x107.jpg 300w, https:\/\/cdansnoscordes.net\/wp-content\/uploads\/2022\/07\/barre\u0301s-diapo-1024x366-1-768x275.jpg 768w\" sizes=\"(max-width: 750px) 100vw, 750px\" \/>\t\t\t\t\t\t\t\t<\/a>\n\t\t\t\t\t\t\t\t\t\t\t<figcaption class=\"widget-image-caption wp-caption-text\">Ateliers musique<\/figcaption>\n\t\t\t\t\t\t\t\t\t\t<\/figure>\n\t\t\t\t\t\t\t<\/div>\n\t\t\t\t<\/div>\n\t\t\t\t\t<\/div>\n\t\t<\/div>\n\t\t\t\t\t<\/div>\n\t\t<\/section>\n\t\t\t\t<section class=\"elementor-section elementor-top-section elementor-element elementor-element-597a1a9 elementor-section-boxed elementor-section-height-default elementor-section-height-default\" data-id=\"597a1a9\" data-element_type=\"section\">\n\t\t\t\t\t\t<div class=\"elementor-container elementor-column-gap-default\">\n\t\t\t\t\t<div class=\"elementor-column elementor-col-100 elementor-top-column elementor-element elementor-element-d78019c\" data-id=\"d78019c\" data-element_type=\"column\">\n\t\t\t<div class=\"elementor-widget-wrap elementor-element-populated\">\n\t\t\t\t\t\t<div class=\"elementor-element elementor-element-f9d863c elementor-widget elementor-widget-heading\" data-id=\"f9d863c\" data-element_type=\"widget\" data-widget_type=\"heading.default\">\n\t\t\t\t<div class=\"elementor-widget-container\">\n\t\t\t<style>\/*! elementor - v3.23.0 - 05-08-2024 *\/\n.elementor-heading-title{padding:0;margin:0;line-height:1}.elementor-widget-heading .elementor-heading-title[class*=elementor-size-]>a{color:inherit;font-size:inherit;line-height:inherit}.elementor-widget-heading .elementor-heading-title.elementor-size-small{font-size:15px}.elementor-widget-heading .elementor-heading-title.elementor-size-medium{font-size:19px}.elementor-widget-heading .elementor-heading-title.elementor-size-large{font-size:29px}.elementor-widget-heading .elementor-heading-title.elementor-size-xl{font-size:39px}.elementor-widget-heading .elementor-heading-title.elementor-size-xxl{font-size:59px}<\/style><h2 class=\"elementor-heading-title elementor-size-default\">Ateliers musique<\/h2>\t\t<\/div>\n\t\t\t\t<\/div>\n\t\t\t\t\t<\/div>\n\t\t<\/div>\n\t\t\t\t\t<\/div>\n\t\t<\/section>\n\t\t\t\t<section class=\"elementor-section elementor-top-section elementor-element elementor-element-35962159 elementor-section-boxed elementor-section-height-default elementor-section-height-default\" data-id=\"35962159\" data-element_type=\"section\">\n\t\t\t\t\t\t<div class=\"elementor-container elementor-column-gap-default\">\n\t\t\t\t\t<div class=\"elementor-column elementor-col-100 elementor-top-column elementor-element elementor-element-517aae92\" data-id=\"517aae92\" data-element_type=\"column\">\n\t\t\t<div class=\"elementor-widget-wrap elementor-element-populated\">\n\t\t\t\t\t\t<div class=\"elementor-element elementor-element-6df116bb elementor-widget elementor-widget-text-editor\" data-id=\"6df116bb\" data-element_type=\"widget\" data-widget_type=\"text-editor.default\">\n\t\t\t\t<div class=\"elementor-widget-container\">\n\t\t\t<style>\/*! elementor - v3.23.0 - 05-08-2024 *\/\n.elementor-widget-text-editor.elementor-drop-cap-view-stacked .elementor-drop-cap{background-color:#69727d;color:#fff}.elementor-widget-text-editor.elementor-drop-cap-view-framed .elementor-drop-cap{color:#69727d;border:3px solid;background-color:transparent}.elementor-widget-text-editor:not(.elementor-drop-cap-view-default) .elementor-drop-cap{margin-top:8px}.elementor-widget-text-editor:not(.elementor-drop-cap-view-default) .elementor-drop-cap-letter{width:1em;height:1em}.elementor-widget-text-editor .elementor-drop-cap{float:left;text-align:center;line-height:1;font-size:50px}.elementor-widget-text-editor .elementor-drop-cap-letter{display:inline-block}<\/style>\t\t\t\t<p><!-- wp:paragraph --><\/p>\n<p>Le Collectif Cdansnoscordes propose plusieurs ateliers musique, chacun d\u00e9bouchant sur des petites formes (duo, trio, quatuor ou plus)<\/p>\n<ul>\n<li><a href=\"https:\/\/cdansnoscordes.net\/index.php\/ateliers-musique\/au-fil-des-cordes\/\" target=\"_blank\" rel=\"noopener\">Au fil des cordes<\/a><\/li>\n<li><a href=\"https:\/\/cdansnoscordes.net\/index.php\/ateliers-musique\/les-nox-tambules\/\">Les Nox Tambules<\/a><\/li>\n<li><a href=\"https:\/\/cdansnoscordes.net\/index.php\/ateliers-musique\/les-ateliers-voyageurs\/\">Trotte&#8217;n Frettes<\/a><\/li>\n<li><a href=\"https:\/\/cdansnoscordes.net\/index.php\/ateliers-musique\/et-apres-le-concert\/\" target=\"_blank\" rel=\"noopener\">Et apr\u00e8s le concert ?<\/a><\/li>\n<\/ul>\n<p><!-- \/wp:paragraph --><\/p>\n<p><!-- wp:paragraph --><\/p>\n<p>Ces ateliers sont tourn\u00e9s vers la guitare acoustique et instruments assimil\u00e9s (ukulele, banjo, etc)<\/p>\n<p><!-- \/wp:paragraph --><\/p>\n<p><!-- wp:paragraph --><\/p>\n<p>Les participants aux diff\u00e9rents ateliers sont\u00a0adh\u00e9rents au Collectif Cdansnoscordes.<\/p>\n<p><!-- \/wp:paragraph --><\/p>\t\t\t\t\t\t<\/div>\n\t\t\t\t<\/div>\n\t\t\t\t\t<\/div>\n\t\t<\/div>\n\t\t\t\t\t<\/div>\n\t\t<\/section>\n\t\t\t\t<\/div>\n\t\t","protected":false},"excerpt":{"rendered":"<p>Ateliers th\u00e9\u00e2tre Ateliers musique Ateliers musique Le Collectif Cdansnoscordes propose plusieurs ateliers musique, chacun d\u00e9bouchant sur des petites formes (duo, trio, quatuor ou plus) Au fil des cordes Les Nox Tambules Trotte&#8217;n Frettes Et apr\u00e8s le concert ? Ces ateliers<\/p>\n","protected":false},"author":5,"featured_media":0,"parent":0,"menu_order":0,"comment_status":"closed","ping_status":"closed","template":"","meta":[],"_links":{"self":[{"href":"https:\/\/cdansnoscordes.net\/index.php\/wp-json\/wp\/v2\/pages\/215"}],"collection":[{"href":"https:\/\/cdansnoscordes.net\/index.php\/wp-json\/wp\/v2\/pages"}],"about":[{"href":"https:\/\/cdansnoscordes.net\/index.php\/wp-json\/wp\/v2\/types\/page"}],"author":[{"embeddable":true,"href":"https:\/\/cdansnoscordes.net\/index.php\/wp-json\/wp\/v2\/users\/5"}],"replies":[{"embeddable":true,"href":"https:\/\/cdansnoscordes.net\/index.php\/wp-json\/wp\/v2\/comments?post=215"}],"version-history":[{"count":21,"href":"https:\/\/cdansnoscordes.net\/index.php\/wp-json\/wp\/v2\/pages\/215\/revisions"}],"predecessor-version":[{"id":1193,"href":"https:\/\/cdansnoscordes.net\/index.php\/wp-json\/wp\/v2\/pages\/215\/revisions\/1193"}],"wp:attachment":[{"href":"https:\/\/cdansnoscordes.net\/index.php\/wp-json\/wp\/v2\/media?parent=215"}],"curies":[{"name":"wp","href":"https:\/\/api.w.org\/{rel}","templated":true}]}}